{"id":102312,"date":"2025-01-01T12:00:01","date_gmt":"2025-01-01T15:00:01","guid":{"rendered":"https:\/\/www.gracielamusteikis.com\/startseite\/"},"modified":"2025-08-27T18:04:53","modified_gmt":"2025-08-27T21:04:53","slug":"startseite","status":"publish","type":"page","link":"https:\/\/www.gracielamusteikis.com\/de\/","title":{"rendered":"Startseite"},"content":{"rendered":"<p>[et_pb_section fb_built=&#8220;1&#8243; custom_padding_last_edited=&#8220;on|phone&#8220; admin_label=&#8220;Secci\u00f3n Presentaci\u00f3n&#8220; _builder_version=&#8220;4.27.4&#8243; _module_preset=&#8220;default&#8220; background_enable_image=&#8220;off&#8220; custom_padding=&#8220;45px|45px|45px|0px|false|false&#8220; custom_padding_tablet=&#8220;45px|45px|45px|45px|false|false&#8220; custom_padding_phone=&#8220;110px|0px|45px|0px|false|false&#8220; global_colors_info=&#8220;{}&#8220;][et_pb_row column_structure=&#8220;3_5,2_5&#8243; use_custom_gutter=&#8220;on&#8220; gutter_width=&#8220;2&#8243; make_equal=&#8220;on&#8220; module_class=&#8220;rev-col-home&#8220; _builder_version=&#8220;4.27.4&#8243; _module_preset=&#8220;default&#8220; transform_translate_linked=&#8220;off&#8220; width=&#8220;100%&#8220; width_tablet=&#8220;100%&#8220; width_phone=&#8220;80%&#8220; width_last_edited=&#8220;on|phone&#8220; max_width=&#8220;2560px&#8220; custom_padding=&#8220;0px||0px||false|false&#8220; global_colors_info=&#8220;{}&#8220;][et_pb_column type=&#8220;3_5&#8243; module_class=&#8220;flexcenter&#8220; _builder_version=&#8220;4.27.4&#8243; _module_preset=&#8220;default&#8220; custom_padding=&#8220;|5%||5%|false|false&#8220; custom_padding_tablet=&#8220;|0%||0%|false|false&#8220; custom_padding_phone=&#8220;|0%||0%|false|false&#8220; custom_padding_last_edited=&#8220;on|phone&#8220; animation_style=&#8220;slide&#8220; animation_direction=&#8220;bottom&#8220; animation_intensity_slide=&#8220;10%&#8220; global_colors_info=&#8220;{}&#8220;][et_pb_divider _builder_version=&#8220;4.27.0&#8243; _module_preset=&#8220;93219f5f-8929-4965-8946-54869f77c13e&#8220; global_colors_info=&#8220;{}&#8220;][\/et_pb_divider][et_pb_text _builder_version=&#8220;4.27.4&#8243; _module_preset=&#8220;1be39b74-febe-4388-986b-b0adb91918a4&#8243; custom_margin=&#8220;||0px||false|false&#8220; header_font_size_tablet=&#8220;&#8220; header_font_size_phone=&#8220;45px&#8220; header_font_size_last_edited=&#8220;on|phone&#8220; global_colors_info=&#8220;{}&#8220;]<\/p>\n<h1>Willkommen in meinem k\u00fcnstlerischen Universum<\/h1>\n<p>[\/et_pb_text][et_pb_divider _builder_version=&#8220;4.27.0&#8243; _module_preset=&#8220;93219f5f-8929-4965-8946-54869f77c13e&#8220; global_colors_info=&#8220;{}&#8220;][\/et_pb_divider][et_pb_text _builder_version=&#8220;4.27.4&#8243; _module_preset=&#8220;ecfe9377-8ea7-41de-bdfd-2d7b2656c35b&#8220; text_font=&#8220;||||||||&#8220; custom_margin=&#8220;-8px||60px||false|false&#8220; custom_padding=&#8220;0px||||false|false&#8220; global_colors_info=&#8220;{}&#8220;]<\/p>\n<p>Ich bin Graciela Mar\u00eda Musteikis, geboren am 24. Dezember 1951. Von Beruf bin ich Rechtsanw\u00e4ltin mit Spezialisierung auf Marken und Patente, aber meine wahre Berufung war immer die Malerei, eine Leidenschaft, die ich seit meiner Kindheit pflege. <\/p>\n<p>In meiner Jugend schien die Hinwendung zur Kunst eine Herausforderung voller Ungewissheit zu sein. Daher entschied ich mich f\u00fcr den Weg der Rechtswissenschaft, auf der Suche nach beruflicher Stabilit\u00e4t. Vor drei Jahren jedoch, angeregt durch die Reflexion, die die Pandemie mit sich brachte, und mir bewusst, dass das Leben nur wenige letzte Gelegenheiten bietet, beschloss ich, meine Leidenschaft f\u00fcr die Kunst voll und ganz zu leben.  <\/p>\n<p>In meinem Werdegang als bildende K\u00fcnstlerin bin ich Autodidaktin. Ich habe mein Wissen mit Online-Kursen erg\u00e4nzt und mich auf die unerm\u00fcdliche Suche nach neuen Ausdrucksformen begeben, indem ich mit Materialien experimentiere, die meinen Werken Volumen und Einzigartigkeit verleihen. Jedes Bild ist ein Zeugnis meiner M\u00fche, Hingabe und des tiefen Respekts, den ich f\u00fcr diesen Weg empfinde.  <\/p>\n<p>Diese ersten Jahre des Schaffens waren dem Aufbau meines Selbstvertrauens und der Erkundung meiner k\u00fcnstlerischen Stimme gewidmet. Jetzt sp\u00fcre ich, dass der Moment gekommen ist, meine Arbeit mit der Welt zu teilen. Letztes Jahr hatte ich die Ehre, an der von der Magg&#8217;s Gallery organisierten Ausstellung und an der virtuellen Ausstellung im renommierten Palazzo Pucci in Florenz teilzunehmen, wo ich eine Auszeichnung erhielt, die mein Engagement f\u00fcr die Kunst bekr\u00e4ftigte.  <\/p>\n<p>Meine Werke sind mehr als nur visuelle St\u00fccke: Sie sind Einladungen, neue Perspektiven zu entdecken, die Tiefen des Geistes und des Herzens zu erforschen und sich mit dem zu verbinden, was oft unbeschreiblich ist. Jeder Pinselstrich, jede Textur und jede Farbkombination spiegelt die st\u00e4ndige Suche wider, Emotionen und Gedanken zu vermitteln, die \u00fcber Worte hinausgehen. <\/p>\n<p>In diesem virtuellen Raum teile ich meine Kreationen, die Geschichten, die sie inspirieren, und die Projekte, die mich begeistern. Ich lade Sie ein, diesen Raum zu erkunden, in meine k\u00fcnstlerische Welt einzutauchen und, wenn Sie m\u00f6chten, ein St\u00fcck meiner Arbeit mitzunehmen. Ich hoffe, Sie finden in diesen Werken etwas, das Sie inspiriert, ber\u00fchrt oder Sie auf einzigartige Weise mit der Kunst verbindet.  <\/p>\n<p>Danke, dass Sie meine Website besucht und Teil dieser kreativen Reise sind.<\/p>\n<p>[\/et_pb_text][\/et_pb_column][et_pb_column type=&#8220;2_5&#8243; module_class=&#8220;inline-modules&#8220; _builder_version=&#8220;4.27.4&#8243; _module_preset=&#8220;default&#8220; custom_padding=&#8220;||||false|false&#8220; custom_padding_tablet=&#8220;||45px||false|false&#8220; custom_padding_phone=&#8220;||22px||false|false&#8220; custom_padding_last_edited=&#8220;on|phone&#8220; animation_style=&#8220;slide&#8220; animation_direction=&#8220;left&#8220; animation_delay=&#8220;500ms&#8220; animation_intensity_slide=&#8220;5%&#8220; scroll_horizontal_motion=&#8220;0|50|50|100|0|0|4&#8243; motion_trigger_start=&#8220;bottom&#8220; border_color_right=&#8220;#FFFFFF&#8220; global_colors_info=&#8220;{}&#8220;][et_pb_image src=&#8220;https:\/\/www.gracielamusteikis.com\/wp-content\/uploads\/2025\/01\/graciela_99_626x900.jpg&#8220; title_text=&#8220;graciela_99_626x900&#8243; show_bottom_space=&#8220;off&#8220; align=&#8220;center&#8220; _builder_version=&#8220;4.27.4&#8243; _module_preset=&#8220;default&#8220; max_width=&#8220;100%&#8220; min_height=&#8220;80%&#8220; height_tablet=&#8220;&#8220; height_phone=&#8220;&#8220; height_last_edited=&#8220;on|phone&#8220; max_height_tablet=&#8220;&#8220; max_height_phone=&#8220;370px&#8220; max_height_last_edited=&#8220;on|phone&#8220; custom_margin=&#8220;||||false|false&#8220; custom_padding=&#8220;3rem||||false|false&#8220; animation_style=&#8220;slide&#8220; animation_direction=&#8220;left&#8220; animation_delay=&#8220;500ms&#8220; animation_intensity_slide=&#8220;10%&#8220; global_colors_info=&#8220;{}&#8220;][\/et_pb_image][\/et_pb_column][\/et_pb_row][\/et_pb_section][et_pb_section fb_built=&#8220;1&#8243; admin_label=&#8220;Secci\u00f3n banner&#8220; _builder_version=&#8220;4.27.4&#8243; _module_preset=&#8220;default&#8220; background_image=&#8220;https:\/\/www.gracielamusteikis.com\/wp-content\/uploads\/2025\/01\/collage_banner_1.806&#215;939.jpg&#8220; parallax=&#8220;on&#8220; height=&#8220;600px&#8220; height_tablet=&#8220;600px&#8220; height_phone=&#8220;300px&#8220; height_last_edited=&#8220;on|phone&#8220; custom_padding=&#8220;0px|||||&#8220; animation_style=&#8220;fade&#8220; global_colors_info=&#8220;{}&#8220;][\/et_pb_section][et_pb_section fb_built=&#8220;1&#8243; admin_label=&#8220;Secci\u00f3n Obras&#8220; _builder_version=&#8220;4.27.4&#8243; _module_preset=&#8220;default&#8220; background_enable_image=&#8220;off&#8220; background_size=&#8220;initial&#8220; background_position=&#8220;top_right&#8220; custom_padding=&#8220;||0px||false|false&#8220; global_colors_info=&#8220;{}&#8220;][et_pb_row use_custom_gutter=&#8220;on&#8220; gutter_width=&#8220;2&#8243; make_equal=&#8220;on&#8220; custom_padding_last_edited=&#8220;on|phone&#8220; admin_label=&#8220;Reihenwerke&#8220; module_class=&#8220;banners-shop&#8220; _builder_version=&#8220;4.27.4&#8243; _module_preset=&#8220;default&#8220; width_tablet=&#8220;65%&#8220; width_phone=&#8220;80%&#8220; width_last_edited=&#8220;on|tablet&#8220; custom_margin=&#8220;||||false|false&#8220; custom_padding=&#8220;||100px||false|false&#8220; custom_padding_tablet=&#8220;||100px||false|false&#8220; custom_padding_phone=&#8220;||45px||false|false&#8220; animation_style=&#8220;fade&#8220; border_width_bottom=&#8220;1px&#8220; locked=&#8220;off&#8220; global_colors_info=&#8220;{}&#8220;][et_pb_column type=&#8220;4_4&#8243; _builder_version=&#8220;4.27.0&#8243; _module_preset=&#8220;default&#8220; scroll_vertical_motion_enable=&#8220;on&#8220; scroll_vertical_motion=&#8220;0|50|50|100|1|0|0&#8243; scroll_vertical_motion_tablet=&#8220;0|50|50|100|1|0|0&#8243; scroll_vertical_motion_phone=&#8220;0|50|50|100|0.5|0|0&#8243; scroll_vertical_motion_last_edited=&#8220;on|phone&#8220; global_colors_info=&#8220;{}&#8220;][et_pb_text admin_label=&#8220;Text&#8220; _builder_version=&#8220;4.27.4&#8243; _module_preset=&#8220;default&#8220; header_font_size=&#8220;38px&#8220; header_2_text_align=&#8220;center&#8220; custom_margin=&#8220;||||false|false&#8220; scroll_vertical_motion_enable=&#8220;on&#8220; scroll_vertical_motion=&#8220;0|31|31|100|4|0|-1&#8243; header_2_font_size_tablet=&#8220;&#8220; header_2_font_size_phone=&#8220;45px&#8220; header_2_font_size_last_edited=&#8220;on|phone&#8220; global_colors_info=&#8220;{}&#8220;]<\/p>\n<h2>WERKE<\/h2>\n<p>[\/et_pb_text][et_pb_shop type=&#8220;latest&#8220; posts_number=&#8220;6&#8243; columns_number=&#8220;3&#8243; _builder_version=&#8220;4.27.4&#8243; _module_preset=&#8220;default&#8220; global_colors_info=&#8220;{}&#8220;][\/et_pb_shop][et_pb_button button_url=&#8220;@ET-DC@eyJkeW5hbWljIjp0cnVlLCJjb250ZW50IjoicG9zdF9saW5rX3VybF9wYWdlIiwic2V0dGluZ3MiOnsicG9zdF9pZCI6IjE1IiwiZW5hYmxlX2h0bWwiOiJvZmYifX0=@&#8220; button_text=&#8220;ALLE WERKE&#8220; button_alignment=&#8220;center&#8220; admin_label=&#8220;Bot\u00f3n Todas las obras&#8220; _builder_version=&#8220;4.27.4&#8243; _dynamic_attributes=&#8220;button_url&#8220; _module_preset=&#8220;default&#8220; custom_button=&#8220;on&#8220; button_text_size=&#8220;22px&#8220; button_text_color=&#8220;#FFFFFF&#8220; button_bg_color=&#8220;#000000&#8243; button_border_radius=&#8220;0px&#8220; button_letter_spacing=&#8220;1px&#8220; button_font=&#8220;Barlow Condensed|||on|||||&#8220; animation_style=&#8220;slide&#8220; animation_direction=&#8220;bottom&#8220; locked=&#8220;off&#8220; global_colors_info=&#8220;{}&#8220; button_text_color__hover=&#8220;#000000&#8243; button_text_color__hover_enabled=&#8220;on|hover&#8220; button_bg_color__hover=&#8220;#ffe500&#8243; button_bg_color__hover_enabled=&#8220;on|hover&#8220;][\/et_pb_button][\/et_pb_column][\/et_pb_row][\/et_pb_section][et_pb_section fb_built=&#8220;1&#8243; custom_padding_last_edited=&#8220;on|phone&#8220; admin_label=&#8220;Secci\u00f3n Eventos&#8220; _builder_version=&#8220;4.27.4&#8243; _module_preset=&#8220;default&#8220; custom_padding=&#8220;60px||||false|false&#8220; custom_padding_tablet=&#8220;60px||||false|false&#8220; custom_padding_phone=&#8220;20px||22px||false|false&#8220; global_colors_info=&#8220;{}&#8220;][et_pb_row _builder_version=&#8220;4.27.4&#8243; _module_preset=&#8220;default&#8220; width_tablet=&#8220;65%&#8220; width_phone=&#8220;80%&#8220; width_last_edited=&#8220;on|tablet&#8220; animation_style=&#8220;fade&#8220; global_colors_info=&#8220;{}&#8220;][et_pb_column type=&#8220;4_4&#8243; _builder_version=&#8220;4.27.4&#8243; _module_preset=&#8220;default&#8220; global_colors_info=&#8220;{}&#8220;][et_pb_text _builder_version=&#8220;4.27.4&#8243; _module_preset=&#8220;default&#8220; header_font_size=&#8220;38px&#8220; header_2_text_align=&#8220;center&#8220; custom_margin=&#8220;||||false|false&#8220; scroll_vertical_motion_enable=&#8220;on&#8220; scroll_vertical_motion=&#8220;0|31|31|100|4|0|-1&#8243; hover_enabled=&#8220;0&#8243; header_2_font_size_tablet=&#8220;&#8220; header_2_font_size_phone=&#8220;45px&#8220; header_2_font_size_last_edited=&#8220;on|phone&#8220; global_colors_info=&#8220;{}&#8220; sticky_enabled=&#8220;0&#8243;]<\/p>\n<h2>MUSTEIKIS-UNIVERSUM<\/h2>\n<p>[\/et_pb_text][et_pb_post_slider posts_number=&#8220;3&#8243; include_categories=&#8220;all&#8220; more_text=&#8220;Mehr anzeigen&#8220; excerpt_length=&#8220;70&#8243; show_meta=&#8220;off&#8220; admin_label=&#8220;Post Slider&#8220; _builder_version=&#8220;4.27.4&#8243; _module_preset=&#8220;default&#8220; global_colors_info=&#8220;{}&#8220;][\/et_pb_post_slider][et_pb_button button_url=&#8220;@ET-DC@eyJkeW5hbWljIjp0cnVlLCJjb250ZW50IjoicG9zdF9saW5rX3VybF9wYWdlIiwic2V0dGluZ3MiOnsicG9zdF9pZCI6Ijk2MDQxIiwiZW5hYmxlX2h0bWwiOiJvZmYifX0=@&#8220; button_text=&#8220;ALLE VERANSTALTUNGEN&#8220; button_alignment=&#8220;center&#8220; button_alignment_tablet=&#8220;center&#8220; button_alignment_phone=&#8220;center&#8220; button_alignment_last_edited=&#8220;on|tablet&#8220; admin_label=&#8220;Bot\u00f3n Todos los eventos&#8220; _builder_version=&#8220;4.27.4&#8243; _dynamic_attributes=&#8220;button_url&#8220; _module_preset=&#8220;default&#8220; custom_button=&#8220;on&#8220; button_text_size=&#8220;22px&#8220; button_text_color=&#8220;#FFFFFF&#8220; button_bg_color=&#8220;#000000&#8243; button_border_radius=&#8220;0px&#8220; button_letter_spacing=&#8220;1px&#8220; button_font=&#8220;Barlow Condensed|||on|||||&#8220; position_origin_a=&#8220;center_center&#8220; custom_margin=&#8220;||||false|false&#8220; locked=&#8220;off&#8220; global_colors_info=&#8220;{}&#8220; button_text_color__hover=&#8220;#000000&#8243; button_text_color__hover_enabled=&#8220;on|hover&#8220; button_bg_color__hover=&#8220;#ffe500&#8243; button_bg_color__hover_enabled=&#8220;on|hover&#8220;][\/et_pb_button][\/et_pb_column][\/et_pb_row][\/et_pb_section][et_pb_section fb_built=&#8220;1&#8243; custom_padding_last_edited=&#8220;on|phone&#8220; admin_label=&#8220;Secci\u00f3n Proyectos&#8220; _builder_version=&#8220;4.27.4&#8243; _module_preset=&#8220;default&#8220; background_color=&#8220;#f9f9f9&#8243; custom_padding_tablet=&#8220;&#8220; custom_padding_phone=&#8220;||0px||false|false&#8220; animation_style=&#8220;fade&#8220; global_colors_info=&#8220;{}&#8220;][et_pb_row _builder_version=&#8220;4.17.4&#8243; _module_preset=&#8220;default&#8220; global_colors_info=&#8220;{}&#8220;][et_pb_column type=&#8220;4_4&#8243; _builder_version=&#8220;4.17.4&#8243; _module_preset=&#8220;default&#8220; global_colors_info=&#8220;{}&#8220;][et_pb_text _builder_version=&#8220;4.27.4&#8243; _module_preset=&#8220;default&#8220; header_font_size=&#8220;38px&#8220; header_2_text_align=&#8220;center&#8220; custom_margin=&#8220;||||false|false&#8220; scroll_vertical_motion_enable=&#8220;on&#8220; scroll_vertical_motion=&#8220;0|31|31|100|4|0|-1&#8243; header_2_font_size_tablet=&#8220;&#8220; header_2_font_size_phone=&#8220;45px&#8220; header_2_font_size_last_edited=&#8220;on|phone&#8220; global_colors_info=&#8220;{}&#8220;]<\/p>\n<h2>PROJEKTE<\/h2>\n<p>[\/et_pb_text][diep_extended_portfolio fullwidth=&#8220;grid__2&#8243; grid_gap=&#8220;40&#8243; zoom=&#8220;on&#8220; posts_number=&#8220;4&#8243; include_categories=&#8220;53,52&#8243; project_order=&#8220;newest&#8220; title_categories_position=&#8220;middle&#8220; show_on_mouseover=&#8220;on&#8220; show_categories=&#8220;off&#8220; show_filters=&#8220;off&#8220; zoom_icon_color=&#8220;RGBA(255,255,255,0)&#8220; hover_overlay_color=&#8220;rgba(0,0,0,0.68)&#8220; hover_icon=&#8220;&#x50;||divi||400&#8243; module_id=&#8220;home-portfolio&#8220; _builder_version=&#8220;4.27.4&#8243; _module_preset=&#8220;default&#8220; filter_font=&#8220;Barlow Condensed||||||||&#8220; filter_text_color=&#8220;#000000&#8243; filter_font_size=&#8220;26px&#8220; title_text_align=&#8220;left&#8220; title_text_color=&#8220;#FFFFFF&#8220; title_font_size=&#8220;36px&#8220; caption_font=&#8220;|||on|||||&#8220; caption_text_align=&#8220;left&#8220; caption_text_color=&#8220;#ffe500&#8243; caption_font_size=&#8220;18px&#8220; caption_letter_spacing=&#8220;2px&#8220; background_enable_color=&#8220;off&#8220; custom_margin=&#8220;||||false|false&#8220; custom_padding=&#8220;||||false|false&#8220; scroll_vertical_motion_enable=&#8220;on&#8220; scroll_vertical_motion=&#8220;0|48|48|100|5|0|0&#8243; motion_trigger_start=&#8220;top&#8220; title_text_align_tablet=&#8220;left&#8220; title_text_align_phone=&#8220;center&#8220; title_text_align_last_edited=&#8220;on|phone&#8220; title_font_size_tablet=&#8220;22px&#8220; title_font_size_phone=&#8220;22px&#8220; title_font_size_last_edited=&#8220;on|phone&#8220; caption_font_size_tablet=&#8220;13px&#8220; caption_font_size_phone=&#8220;12px&#8220; caption_font_size_last_edited=&#8220;on|tablet&#8220; locked=&#8220;off&#8220; global_colors_info=&#8220;{}&#8220; show_categories_tablet=&#8220;off&#8220; show_categories_phone=&#8220;off&#8220; show_categories_last_edited=&#8220;on|tablet&#8220;][\/diep_extended_portfolio][et_pb_button button_url=&#8220;@ET-DC@eyJkeW5hbWljIjp0cnVlLCJjb250ZW50IjoicG9zdF9saW5rX3VybF9wYWdlIiwic2V0dGluZ3MiOnsicG9zdF9pZCI6IjkxNTg1IiwiZW5hYmxlX2h0bWwiOiJvZmYifX0=@&#8220; button_text=&#8220;ALLE PROJEKTE&#8220; button_alignment=&#8220;center&#8220; _builder_version=&#8220;4.27.4&#8243; _dynamic_attributes=&#8220;button_url&#8220; _module_preset=&#8220;default&#8220; custom_button=&#8220;on&#8220; button_text_size=&#8220;22px&#8220; button_text_color=&#8220;#FFFFFF&#8220; button_bg_color=&#8220;#000000&#8243; button_border_radius=&#8220;0px&#8220; button_letter_spacing=&#8220;1px&#8220; button_font=&#8220;Barlow Condensed|||on|||||&#8220; animation_style=&#8220;slide&#8220; animation_direction=&#8220;bottom&#8220; locked=&#8220;off&#8220; global_colors_info=&#8220;{}&#8220; button_text_color__hover=&#8220;#000000&#8243; button_text_color__hover_enabled=&#8220;on|hover&#8220; button_bg_color__hover=&#8220;#ffe500&#8243; button_bg_color__hover_enabled=&#8220;on|hover&#8220;][\/et_pb_button][\/et_pb_column][\/et_pb_row][\/et_pb_section]<\/p>\n","protected":false},"excerpt":{"rendered":"<p>Willkommen in meinem k\u00fcnstlerischen UniversumIch bin Graciela Mar\u00eda Musteikis, geboren am 24. Dezember 1951. Von Beruf bin ich Rechtsanw\u00e4ltin mit Spezialisierung auf Marken und Patente, aber meine wahre Berufung war immer die Malerei, eine Leidenschaft, die ich seit meiner Kindheit pflege. In meiner Jugend schien die Hinwendung zur Kunst eine Herausforderung voller Ungewissheit zu sein. [&hellip;]<\/p>\n","protected":false},"author":1,"featured_media":0,"parent":0,"menu_order":1,"comment_status":"closed","ping_status":"closed","template":"","meta":{"_acf_changed":false,"_et_pb_use_builder":"on","_et_pb_old_content":"","_et_gb_content_width":"","inline_featured_image":false,"footnotes":""},"class_list":["post-102312","page","type-page","status-publish","hentry"],"yoast_head":"<!-- This site is optimized with the Yoast SEO plugin v27.3 - https:\/\/yoast.com\/product\/yoast-seo-wordpress\/ -->\n<title>Startseite - Graciela Musteikis<\/title>\n<meta name=\"robots\" content=\"index, follow, max-snippet:-1, max-image-preview:large, max-video-preview:-1\" \/>\n<link rel=\"canonical\" href=\"https:\/\/www.gracielamusteikis.com\/de\/\" \/>\n<meta property=\"og:locale\" content=\"de_DE\" \/>\n<meta property=\"og:type\" content=\"article\" \/>\n<meta property=\"og:title\" content=\"Startseite - Graciela Musteikis\" \/>\n<meta property=\"og:description\" content=\"Willkommen in meinem k\u00fcnstlerischen UniversumIch bin Graciela Mar\u00eda Musteikis, geboren am 24. Dezember 1951. Von Beruf bin ich Rechtsanw\u00e4ltin mit Spezialisierung auf Marken und Patente, aber meine wahre Berufung war immer die Malerei, eine Leidenschaft, die ich seit meiner Kindheit pflege. In meiner Jugend schien die Hinwendung zur Kunst eine Herausforderung voller Ungewissheit zu sein. [&hellip;]\" \/>\n<meta property=\"og:url\" content=\"https:\/\/www.gracielamusteikis.com\/de\/\" \/>\n<meta property=\"og:site_name\" content=\"Graciela Musteikis\" \/>\n<meta property=\"article:modified_time\" content=\"2025-08-27T21:04:53+00:00\" \/>\n<meta name=\"twitter:card\" content=\"summary_large_image\" \/>\n<meta name=\"twitter:label1\" content=\"Gesch\u00e4tzte Lesezeit\" \/>\n\t<meta name=\"twitter:data1\" content=\"10\u00a0Minuten\" \/>\n<script type=\"application\/ld+json\" class=\"yoast-schema-graph\">{\"@context\":\"https:\\\/\\\/schema.org\",\"@graph\":[{\"@type\":\"WebPage\",\"@id\":\"https:\\\/\\\/www.gracielamusteikis.com\\\/de\\\/\",\"url\":\"https:\\\/\\\/www.gracielamusteikis.com\\\/de\\\/\",\"name\":\"Startseite - Graciela Musteikis\",\"isPartOf\":{\"@id\":\"https:\\\/\\\/www.gracielamusteikis.com\\\/de\\\/#website\"},\"datePublished\":\"2025-01-01T15:00:01+00:00\",\"dateModified\":\"2025-08-27T21:04:53+00:00\",\"breadcrumb\":{\"@id\":\"https:\\\/\\\/www.gracielamusteikis.com\\\/de\\\/#breadcrumb\"},\"inLanguage\":\"de\",\"potentialAction\":[{\"@type\":\"ReadAction\",\"target\":[\"https:\\\/\\\/www.gracielamusteikis.com\\\/de\\\/\"]}]},{\"@type\":\"BreadcrumbList\",\"@id\":\"https:\\\/\\\/www.gracielamusteikis.com\\\/de\\\/#breadcrumb\",\"itemListElement\":[{\"@type\":\"ListItem\",\"position\":1,\"name\":\"Portada\",\"item\":\"https:\\\/\\\/www.gracielamusteikis.com\\\/de\\\/\"},{\"@type\":\"ListItem\",\"position\":2,\"name\":\"Startseite\"}]},{\"@type\":\"WebSite\",\"@id\":\"https:\\\/\\\/www.gracielamusteikis.com\\\/de\\\/#website\",\"url\":\"https:\\\/\\\/www.gracielamusteikis.com\\\/de\\\/\",\"name\":\"Graciela Musteikis\",\"description\":\"Artista Pl\u00e1stica\",\"publisher\":{\"@id\":\"https:\\\/\\\/www.gracielamusteikis.com\\\/de\\\/#\\\/schema\\\/person\\\/79086971e57f7c73f5b13213d39279d6\"},\"potentialAction\":[{\"@type\":\"SearchAction\",\"target\":{\"@type\":\"EntryPoint\",\"urlTemplate\":\"https:\\\/\\\/www.gracielamusteikis.com\\\/de\\\/?s={search_term_string}\"},\"query-input\":{\"@type\":\"PropertyValueSpecification\",\"valueRequired\":true,\"valueName\":\"search_term_string\"}}],\"inLanguage\":\"de\"},{\"@type\":[\"Person\",\"Organization\"],\"@id\":\"https:\\\/\\\/www.gracielamusteikis.com\\\/de\\\/#\\\/schema\\\/person\\\/79086971e57f7c73f5b13213d39279d6\",\"name\":\"Graciela Musteikis\",\"image\":{\"@type\":\"ImageObject\",\"inLanguage\":\"de\",\"@id\":\"https:\\\/\\\/www.gracielamusteikis.com\\\/wp-content\\\/uploads\\\/2025\\\/01\\\/cropped-Logo_GM_blanco-y-negro_transp_80x80.png\",\"url\":\"https:\\\/\\\/www.gracielamusteikis.com\\\/wp-content\\\/uploads\\\/2025\\\/01\\\/cropped-Logo_GM_blanco-y-negro_transp_80x80.png\",\"contentUrl\":\"https:\\\/\\\/www.gracielamusteikis.com\\\/wp-content\\\/uploads\\\/2025\\\/01\\\/cropped-Logo_GM_blanco-y-negro_transp_80x80.png\",\"width\":512,\"height\":512,\"caption\":\"Graciela Musteikis\"},\"logo\":{\"@id\":\"https:\\\/\\\/www.gracielamusteikis.com\\\/wp-content\\\/uploads\\\/2025\\\/01\\\/cropped-Logo_GM_blanco-y-negro_transp_80x80.png\"},\"sameAs\":[\"https:\\\/\\\/www.instagram.com\\\/gold_graciela\\\/\"]}]}<\/script>\n<!-- \/ Yoast SEO plugin. -->","yoast_head_json":{"title":"Startseite - Graciela Musteikis","robots":{"index":"index","follow":"follow","max-snippet":"max-snippet:-1","max-image-preview":"max-image-preview:large","max-video-preview":"max-video-preview:-1"},"canonical":"https:\/\/www.gracielamusteikis.com\/de\/","og_locale":"de_DE","og_type":"article","og_title":"Startseite - Graciela Musteikis","og_description":"Willkommen in meinem k\u00fcnstlerischen UniversumIch bin Graciela Mar\u00eda Musteikis, geboren am 24. Dezember 1951. Von Beruf bin ich Rechtsanw\u00e4ltin mit Spezialisierung auf Marken und Patente, aber meine wahre Berufung war immer die Malerei, eine Leidenschaft, die ich seit meiner Kindheit pflege. In meiner Jugend schien die Hinwendung zur Kunst eine Herausforderung voller Ungewissheit zu sein. [&hellip;]","og_url":"https:\/\/www.gracielamusteikis.com\/de\/","og_site_name":"Graciela Musteikis","article_modified_time":"2025-08-27T21:04:53+00:00","twitter_card":"summary_large_image","twitter_misc":{"Gesch\u00e4tzte Lesezeit":"10\u00a0Minuten"},"schema":{"@context":"https:\/\/schema.org","@graph":[{"@type":"WebPage","@id":"https:\/\/www.gracielamusteikis.com\/de\/","url":"https:\/\/www.gracielamusteikis.com\/de\/","name":"Startseite - Graciela Musteikis","isPartOf":{"@id":"https:\/\/www.gracielamusteikis.com\/de\/#website"},"datePublished":"2025-01-01T15:00:01+00:00","dateModified":"2025-08-27T21:04:53+00:00","breadcrumb":{"@id":"https:\/\/www.gracielamusteikis.com\/de\/#breadcrumb"},"inLanguage":"de","potentialAction":[{"@type":"ReadAction","target":["https:\/\/www.gracielamusteikis.com\/de\/"]}]},{"@type":"BreadcrumbList","@id":"https:\/\/www.gracielamusteikis.com\/de\/#breadcrumb","itemListElement":[{"@type":"ListItem","position":1,"name":"Portada","item":"https:\/\/www.gracielamusteikis.com\/de\/"},{"@type":"ListItem","position":2,"name":"Startseite"}]},{"@type":"WebSite","@id":"https:\/\/www.gracielamusteikis.com\/de\/#website","url":"https:\/\/www.gracielamusteikis.com\/de\/","name":"Graciela Musteikis","description":"Artista Pl\u00e1stica","publisher":{"@id":"https:\/\/www.gracielamusteikis.com\/de\/#\/schema\/person\/79086971e57f7c73f5b13213d39279d6"},"potentialAction":[{"@type":"SearchAction","target":{"@type":"EntryPoint","urlTemplate":"https:\/\/www.gracielamusteikis.com\/de\/?s={search_term_string}"},"query-input":{"@type":"PropertyValueSpecification","valueRequired":true,"valueName":"search_term_string"}}],"inLanguage":"de"},{"@type":["Person","Organization"],"@id":"https:\/\/www.gracielamusteikis.com\/de\/#\/schema\/person\/79086971e57f7c73f5b13213d39279d6","name":"Graciela Musteikis","image":{"@type":"ImageObject","inLanguage":"de","@id":"https:\/\/www.gracielamusteikis.com\/wp-content\/uploads\/2025\/01\/cropped-Logo_GM_blanco-y-negro_transp_80x80.png","url":"https:\/\/www.gracielamusteikis.com\/wp-content\/uploads\/2025\/01\/cropped-Logo_GM_blanco-y-negro_transp_80x80.png","contentUrl":"https:\/\/www.gracielamusteikis.com\/wp-content\/uploads\/2025\/01\/cropped-Logo_GM_blanco-y-negro_transp_80x80.png","width":512,"height":512,"caption":"Graciela Musteikis"},"logo":{"@id":"https:\/\/www.gracielamusteikis.com\/wp-content\/uploads\/2025\/01\/cropped-Logo_GM_blanco-y-negro_transp_80x80.png"},"sameAs":["https:\/\/www.instagram.com\/gold_graciela\/"]}]}},"acf":[],"_links":{"self":[{"href":"https:\/\/www.gracielamusteikis.com\/de\/wp-json\/wp\/v2\/pages\/102312","targetHints":{"allow":["GET"]}}],"collection":[{"href":"https:\/\/www.gracielamusteikis.com\/de\/wp-json\/wp\/v2\/pages"}],"about":[{"href":"https:\/\/www.gracielamusteikis.com\/de\/wp-json\/wp\/v2\/types\/page"}],"author":[{"embeddable":true,"href":"https:\/\/www.gracielamusteikis.com\/de\/wp-json\/wp\/v2\/users\/1"}],"replies":[{"embeddable":true,"href":"https:\/\/www.gracielamusteikis.com\/de\/wp-json\/wp\/v2\/comments?post=102312"}],"version-history":[{"count":2,"href":"https:\/\/www.gracielamusteikis.com\/de\/wp-json\/wp\/v2\/pages\/102312\/revisions"}],"predecessor-version":[{"id":102314,"href":"https:\/\/www.gracielamusteikis.com\/de\/wp-json\/wp\/v2\/pages\/102312\/revisions\/102314"}],"wp:attachment":[{"href":"https:\/\/www.gracielamusteikis.com\/de\/wp-json\/wp\/v2\/media?parent=102312"}],"curies":[{"name":"wp","href":"https:\/\/api.w.org\/{rel}","templated":true}]}}