{"id":102734,"date":"2026-03-05T19:43:20","date_gmt":"2026-03-05T22:43:20","guid":{"rendered":"https:\/\/www.gracielamusteikis.com\/product\/vase-mit-blumen-2\/"},"modified":"2026-03-05T21:03:07","modified_gmt":"2026-03-06T00:03:07","slug":"vase-mit-blumen-2","status":"publish","type":"product","link":"https:\/\/www.gracielamusteikis.com\/de\/produkt\/vase-mit-blumen-2\/","title":{"rendered":"Vase mit Blumen"},"content":{"rendered":"<p><img loading=\"lazy\" decoding=\"async\" class=\"size-medium wp-image-102723 alignleft\" src=\"https:\/\/www.gracielamusteikis.com\/wp-content\/uploads\/2026\/03\/Florero-con-flores_640x800-1-300x240.jpg\" alt=\"Werk Blumenvasen\" width=\"300\" height=\"240\"><\/p>\n<p>&nbsp;<\/p>\n<p>Acryl auf Leinwand.<\/p>\n<p>Ma\u00dfe: 230 cm x 140 cm<\/p>\n<p>Dieses Werk erg\u00e4nzt perfekt die botanische Serie der K\u00fcnstlerin, zusammen mit St\u00fccken wie &#8222;<a href=\"https:\/\/www.gracielamusteikis.com\/de\/product\/pilzchen\/\">Honguitos<\/a>\u201c, und bildet ein organisches und ausdrucksstarkes Ensemble.<\/p>\n<p><\/p>\n","protected":false},"excerpt":{"rendered":"<p>&#8222;Florero con flores\u201c ist ein Werk, in dem Materie und Farbe aufeinandertreffen, um das traditionelle Stillleben neu zu definieren. In diesem Acrylgem\u00e4lde nutzt Graciela Musteikis entschlossene Pinselstriche und eine lebendige Palette, um die fl\u00fcchtige Frische der Natur einzufangen und sie in eine lebendige und dauerhafte Pr\u00e4senz zu verwandeln. Ein Originalwerk, das jeder Privatsammlung Ausgewogenheit, Licht und eine zeitgen\u00f6ssische Eleganz verleiht.  <\/p>\n","protected":false},"featured_media":102735,"template":"","meta":{"_acf_changed":false,"_et_pb_use_builder":"","_et_pb_old_content":"","_et_gb_content_width":"","inline_featured_image":false},"product_brand":[],"product_cat":[160],"product_tag":[161,137],"class_list":{"0":"post-102734","1":"product","2":"type-product","3":"status-publish","4":"has-post-thumbnail","6":"product_cat-uruguay-de","7":"product_tag-acryl","8":"product_tag-blumen","10":"first","11":"instock","12":"shipping-taxable","13":"product-type-simple"},"yoast_head":"<!-- This site is optimized with the Yoast SEO plugin v27.3 - https:\/\/yoast.com\/product\/yoast-seo-wordpress\/ -->\n<title>Vase mit Blumen - Graciela Musteikis<\/title>\n<meta name=\"description\" content=\"Entdecke &quot;Vase mit Blumen\u201c, ein Originalwerk in Acryl von Graciela Musteikis. Ein zeitgen\u00f6ssisches St\u00fcck, das jeden Raum mit Farbe und Leben f\u00fcllt.\u201c, ein Originalwerk in Acryl von Graciela Musteikis. Ein zeitgen\u00f6ssisches St\u00fcck, das jeden Raum mit Farbe und Leben f\u00fcllt.\" \/>\n<meta name=\"robots\" content=\"index, follow, max-snippet:-1, max-image-preview:large, max-video-preview:-1\" \/>\n<link rel=\"canonical\" href=\"https:\/\/www.gracielamusteikis.com\/de\/produkt\/vase-mit-blumen-2\/\" \/>\n<meta property=\"og:locale\" content=\"de_DE\" \/>\n<meta property=\"og:type\" content=\"article\" \/>\n<meta property=\"og:title\" content=\"Vase mit Blumen - Graciela Musteikis\" \/>\n<meta property=\"og:description\" content=\"Entdecke &quot;Vase mit Blumen\u201c, ein Originalwerk in Acryl von Graciela Musteikis. Ein zeitgen\u00f6ssisches St\u00fcck, das jeden Raum mit Farbe und Leben f\u00fcllt.\u201c, ein Originalwerk in Acryl von Graciela Musteikis. Ein zeitgen\u00f6ssisches St\u00fcck, das jeden Raum mit Farbe und Leben f\u00fcllt.\" \/>\n<meta property=\"og:url\" content=\"https:\/\/www.gracielamusteikis.com\/de\/produkt\/vase-mit-blumen-2\/\" \/>\n<meta property=\"og:site_name\" content=\"Graciela Musteikis\" \/>\n<meta property=\"article:modified_time\" content=\"2026-03-06T00:03:07+00:00\" \/>\n<meta property=\"og:image\" content=\"https:\/\/www.gracielamusteikis.com\/wp-content\/uploads\/2026\/03\/Florero-con-flores_750x1000.jpg\" \/>\n\t<meta property=\"og:image:width\" content=\"1000\" \/>\n\t<meta property=\"og:image:height\" content=\"750\" \/>\n\t<meta property=\"og:image:type\" content=\"image\/jpeg\" \/>\n<meta name=\"twitter:card\" content=\"summary_large_image\" \/>\n<script type=\"application\/ld+json\" class=\"yoast-schema-graph\">{\"@context\":\"https:\\\/\\\/schema.org\",\"@graph\":[{\"@type\":\"WebPage\",\"@id\":\"https:\\\/\\\/www.gracielamusteikis.com\\\/de\\\/produkt\\\/vase-mit-blumen-2\\\/\",\"url\":\"https:\\\/\\\/www.gracielamusteikis.com\\\/de\\\/produkt\\\/vase-mit-blumen-2\\\/\",\"name\":\"Vase mit Blumen - Graciela Musteikis\",\"isPartOf\":{\"@id\":\"https:\\\/\\\/www.gracielamusteikis.com\\\/de\\\/#website\"},\"primaryImageOfPage\":{\"@id\":\"https:\\\/\\\/www.gracielamusteikis.com\\\/de\\\/produkt\\\/vase-mit-blumen-2\\\/#primaryimage\"},\"image\":{\"@id\":\"https:\\\/\\\/www.gracielamusteikis.com\\\/de\\\/produkt\\\/vase-mit-blumen-2\\\/#primaryimage\"},\"thumbnailUrl\":\"https:\\\/\\\/www.gracielamusteikis.com\\\/wp-content\\\/uploads\\\/2026\\\/03\\\/Florero-con-flores_750x1000.jpg\",\"datePublished\":\"2026-03-05T22:43:20+00:00\",\"dateModified\":\"2026-03-06T00:03:07+00:00\",\"description\":\"Entdecke \\\"Vase mit Blumen\u201c, ein Originalwerk in Acryl von Graciela Musteikis. Ein zeitgen\u00f6ssisches St\u00fcck, das jeden Raum mit Farbe und Leben f\u00fcllt.\u201c, ein Originalwerk in Acryl von Graciela Musteikis. Ein zeitgen\u00f6ssisches St\u00fcck, das jeden Raum mit Farbe und Leben f\u00fcllt.\",\"breadcrumb\":{\"@id\":\"https:\\\/\\\/www.gracielamusteikis.com\\\/de\\\/produkt\\\/vase-mit-blumen-2\\\/#breadcrumb\"},\"inLanguage\":\"de\",\"potentialAction\":[{\"@type\":\"ReadAction\",\"target\":[\"https:\\\/\\\/www.gracielamusteikis.com\\\/de\\\/produkt\\\/vase-mit-blumen-2\\\/\"]}]},{\"@type\":\"ImageObject\",\"inLanguage\":\"de\",\"@id\":\"https:\\\/\\\/www.gracielamusteikis.com\\\/de\\\/produkt\\\/vase-mit-blumen-2\\\/#primaryimage\",\"url\":\"https:\\\/\\\/www.gracielamusteikis.com\\\/wp-content\\\/uploads\\\/2026\\\/03\\\/Florero-con-flores_750x1000.jpg\",\"contentUrl\":\"https:\\\/\\\/www.gracielamusteikis.com\\\/wp-content\\\/uploads\\\/2026\\\/03\\\/Florero-con-flores_750x1000.jpg\",\"width\":1000,\"height\":750,\"caption\":\"Obra Florero con flores\"},{\"@type\":\"BreadcrumbList\",\"@id\":\"https:\\\/\\\/www.gracielamusteikis.com\\\/de\\\/produkt\\\/vase-mit-blumen-2\\\/#breadcrumb\",\"itemListElement\":[{\"@type\":\"ListItem\",\"position\":1,\"name\":\"Portada\",\"item\":\"https:\\\/\\\/www.gracielamusteikis.com\\\/de\\\/\"},{\"@type\":\"ListItem\",\"position\":2,\"name\":\"Obras\",\"item\":\"https:\\\/\\\/www.gracielamusteikis.com\\\/shop\\\/\"},{\"@type\":\"ListItem\",\"position\":3,\"name\":\"Vase mit Blumen\"}]},{\"@type\":\"WebSite\",\"@id\":\"https:\\\/\\\/www.gracielamusteikis.com\\\/de\\\/#website\",\"url\":\"https:\\\/\\\/www.gracielamusteikis.com\\\/de\\\/\",\"name\":\"Graciela Musteikis\",\"description\":\"Artista Pl\u00e1stica\",\"publisher\":{\"@id\":\"https:\\\/\\\/www.gracielamusteikis.com\\\/de\\\/#\\\/schema\\\/person\\\/79086971e57f7c73f5b13213d39279d6\"},\"potentialAction\":[{\"@type\":\"SearchAction\",\"target\":{\"@type\":\"EntryPoint\",\"urlTemplate\":\"https:\\\/\\\/www.gracielamusteikis.com\\\/de\\\/?s={search_term_string}\"},\"query-input\":{\"@type\":\"PropertyValueSpecification\",\"valueRequired\":true,\"valueName\":\"search_term_string\"}}],\"inLanguage\":\"de\"},{\"@type\":[\"Person\",\"Organization\"],\"@id\":\"https:\\\/\\\/www.gracielamusteikis.com\\\/de\\\/#\\\/schema\\\/person\\\/79086971e57f7c73f5b13213d39279d6\",\"name\":\"Graciela Musteikis\",\"image\":{\"@type\":\"ImageObject\",\"inLanguage\":\"de\",\"@id\":\"https:\\\/\\\/www.gracielamusteikis.com\\\/wp-content\\\/uploads\\\/2025\\\/01\\\/cropped-Logo_GM_blanco-y-negro_transp_80x80.png\",\"url\":\"https:\\\/\\\/www.gracielamusteikis.com\\\/wp-content\\\/uploads\\\/2025\\\/01\\\/cropped-Logo_GM_blanco-y-negro_transp_80x80.png\",\"contentUrl\":\"https:\\\/\\\/www.gracielamusteikis.com\\\/wp-content\\\/uploads\\\/2025\\\/01\\\/cropped-Logo_GM_blanco-y-negro_transp_80x80.png\",\"width\":512,\"height\":512,\"caption\":\"Graciela Musteikis\"},\"logo\":{\"@id\":\"https:\\\/\\\/www.gracielamusteikis.com\\\/wp-content\\\/uploads\\\/2025\\\/01\\\/cropped-Logo_GM_blanco-y-negro_transp_80x80.png\"},\"sameAs\":[\"https:\\\/\\\/www.instagram.com\\\/gold_graciela\\\/\"]}]}<\/script>\n<!-- \/ Yoast SEO plugin. -->","yoast_head_json":{"title":"Vase mit Blumen - Graciela Musteikis","description":"Entdecke \"Vase mit Blumen\u201c, ein Originalwerk in Acryl von Graciela Musteikis. Ein zeitgen\u00f6ssisches St\u00fcck, das jeden Raum mit Farbe und Leben f\u00fcllt.\u201c, ein Originalwerk in Acryl von Graciela Musteikis. Ein zeitgen\u00f6ssisches St\u00fcck, das jeden Raum mit Farbe und Leben f\u00fcllt.","robots":{"index":"index","follow":"follow","max-snippet":"max-snippet:-1","max-image-preview":"max-image-preview:large","max-video-preview":"max-video-preview:-1"},"canonical":"https:\/\/www.gracielamusteikis.com\/de\/produkt\/vase-mit-blumen-2\/","og_locale":"de_DE","og_type":"article","og_title":"Vase mit Blumen - Graciela Musteikis","og_description":"Entdecke \"Vase mit Blumen\u201c, ein Originalwerk in Acryl von Graciela Musteikis. Ein zeitgen\u00f6ssisches St\u00fcck, das jeden Raum mit Farbe und Leben f\u00fcllt.\u201c, ein Originalwerk in Acryl von Graciela Musteikis. Ein zeitgen\u00f6ssisches St\u00fcck, das jeden Raum mit Farbe und Leben f\u00fcllt.","og_url":"https:\/\/www.gracielamusteikis.com\/de\/produkt\/vase-mit-blumen-2\/","og_site_name":"Graciela Musteikis","article_modified_time":"2026-03-06T00:03:07+00:00","og_image":[{"width":1000,"height":750,"url":"https:\/\/www.gracielamusteikis.com\/wp-content\/uploads\/2026\/03\/Florero-con-flores_750x1000.jpg","type":"image\/jpeg"}],"twitter_card":"summary_large_image","schema":{"@context":"https:\/\/schema.org","@graph":[{"@type":"WebPage","@id":"https:\/\/www.gracielamusteikis.com\/de\/produkt\/vase-mit-blumen-2\/","url":"https:\/\/www.gracielamusteikis.com\/de\/produkt\/vase-mit-blumen-2\/","name":"Vase mit Blumen - Graciela Musteikis","isPartOf":{"@id":"https:\/\/www.gracielamusteikis.com\/de\/#website"},"primaryImageOfPage":{"@id":"https:\/\/www.gracielamusteikis.com\/de\/produkt\/vase-mit-blumen-2\/#primaryimage"},"image":{"@id":"https:\/\/www.gracielamusteikis.com\/de\/produkt\/vase-mit-blumen-2\/#primaryimage"},"thumbnailUrl":"https:\/\/www.gracielamusteikis.com\/wp-content\/uploads\/2026\/03\/Florero-con-flores_750x1000.jpg","datePublished":"2026-03-05T22:43:20+00:00","dateModified":"2026-03-06T00:03:07+00:00","description":"Entdecke \"Vase mit Blumen\u201c, ein Originalwerk in Acryl von Graciela Musteikis. Ein zeitgen\u00f6ssisches St\u00fcck, das jeden Raum mit Farbe und Leben f\u00fcllt.\u201c, ein Originalwerk in Acryl von Graciela Musteikis. Ein zeitgen\u00f6ssisches St\u00fcck, das jeden Raum mit Farbe und Leben f\u00fcllt.","breadcrumb":{"@id":"https:\/\/www.gracielamusteikis.com\/de\/produkt\/vase-mit-blumen-2\/#breadcrumb"},"inLanguage":"de","potentialAction":[{"@type":"ReadAction","target":["https:\/\/www.gracielamusteikis.com\/de\/produkt\/vase-mit-blumen-2\/"]}]},{"@type":"ImageObject","inLanguage":"de","@id":"https:\/\/www.gracielamusteikis.com\/de\/produkt\/vase-mit-blumen-2\/#primaryimage","url":"https:\/\/www.gracielamusteikis.com\/wp-content\/uploads\/2026\/03\/Florero-con-flores_750x1000.jpg","contentUrl":"https:\/\/www.gracielamusteikis.com\/wp-content\/uploads\/2026\/03\/Florero-con-flores_750x1000.jpg","width":1000,"height":750,"caption":"Obra Florero con flores"},{"@type":"BreadcrumbList","@id":"https:\/\/www.gracielamusteikis.com\/de\/produkt\/vase-mit-blumen-2\/#breadcrumb","itemListElement":[{"@type":"ListItem","position":1,"name":"Portada","item":"https:\/\/www.gracielamusteikis.com\/de\/"},{"@type":"ListItem","position":2,"name":"Obras","item":"https:\/\/www.gracielamusteikis.com\/shop\/"},{"@type":"ListItem","position":3,"name":"Vase mit Blumen"}]},{"@type":"WebSite","@id":"https:\/\/www.gracielamusteikis.com\/de\/#website","url":"https:\/\/www.gracielamusteikis.com\/de\/","name":"Graciela Musteikis","description":"Artista Pl\u00e1stica","publisher":{"@id":"https:\/\/www.gracielamusteikis.com\/de\/#\/schema\/person\/79086971e57f7c73f5b13213d39279d6"},"potentialAction":[{"@type":"SearchAction","target":{"@type":"EntryPoint","urlTemplate":"https:\/\/www.gracielamusteikis.com\/de\/?s={search_term_string}"},"query-input":{"@type":"PropertyValueSpecification","valueRequired":true,"valueName":"search_term_string"}}],"inLanguage":"de"},{"@type":["Person","Organization"],"@id":"https:\/\/www.gracielamusteikis.com\/de\/#\/schema\/person\/79086971e57f7c73f5b13213d39279d6","name":"Graciela Musteikis","image":{"@type":"ImageObject","inLanguage":"de","@id":"https:\/\/www.gracielamusteikis.com\/wp-content\/uploads\/2025\/01\/cropped-Logo_GM_blanco-y-negro_transp_80x80.png","url":"https:\/\/www.gracielamusteikis.com\/wp-content\/uploads\/2025\/01\/cropped-Logo_GM_blanco-y-negro_transp_80x80.png","contentUrl":"https:\/\/www.gracielamusteikis.com\/wp-content\/uploads\/2025\/01\/cropped-Logo_GM_blanco-y-negro_transp_80x80.png","width":512,"height":512,"caption":"Graciela Musteikis"},"logo":{"@id":"https:\/\/www.gracielamusteikis.com\/wp-content\/uploads\/2025\/01\/cropped-Logo_GM_blanco-y-negro_transp_80x80.png"},"sameAs":["https:\/\/www.instagram.com\/gold_graciela\/"]}]}},"acf":[],"_links":{"self":[{"href":"https:\/\/www.gracielamusteikis.com\/de\/wp-json\/wp\/v2\/product\/102734","targetHints":{"allow":["GET"]}}],"collection":[{"href":"https:\/\/www.gracielamusteikis.com\/de\/wp-json\/wp\/v2\/product"}],"about":[{"href":"https:\/\/www.gracielamusteikis.com\/de\/wp-json\/wp\/v2\/types\/product"}],"wp:featuredmedia":[{"embeddable":true,"href":"https:\/\/www.gracielamusteikis.com\/de\/wp-json\/wp\/v2\/media\/102735"}],"wp:attachment":[{"href":"https:\/\/www.gracielamusteikis.com\/de\/wp-json\/wp\/v2\/media?parent=102734"}],"wp:term":[{"taxonomy":"product_brand","embeddable":true,"href":"https:\/\/www.gracielamusteikis.com\/de\/wp-json\/wp\/v2\/product_brand?post=102734"},{"taxonomy":"product_cat","embeddable":true,"href":"https:\/\/www.gracielamusteikis.com\/de\/wp-json\/wp\/v2\/product_cat?post=102734"},{"taxonomy":"product_tag","embeddable":true,"href":"https:\/\/www.gracielamusteikis.com\/de\/wp-json\/wp\/v2\/product_tag?post=102734"}],"curies":[{"name":"wp","href":"https:\/\/api.w.org\/{rel}","templated":true}]}}