{"id":102812,"date":"2026-03-15T21:29:47","date_gmt":"2026-03-16T00:29:47","guid":{"rendered":"https:\/\/www.gracielamusteikis.com\/product\/blumen-zwischen-felsen\/"},"modified":"2026-03-15T21:29:47","modified_gmt":"2026-03-16T00:29:47","slug":"blumen-zwischen-felsen","status":"publish","type":"product","link":"https:\/\/www.gracielamusteikis.com\/de\/produkt\/blumen-zwischen-felsen\/","title":{"rendered":"Blumen zwischen Felsen"},"content":{"rendered":"<p><img loading=\"lazy\" decoding=\"async\" class=\"size-medium wp-image-102785 alignleft\" src=\"https:\/\/www.gracielamusteikis.com\/wp-content\/uploads\/2026\/03\/Flores-en-rocas_640x800-240x300.jpg\" alt=\"\" width=\"240\" height=\"300\"><\/p>\n<p>&nbsp;<\/p>\n<p>&nbsp;<\/p>\n<p>Ausgef\u00fchrt auf 2 Acrylplatten und mit Acrylfarbe gemalt.<br \/>\n<strong><br \/>\nMa\u00df<\/strong>e: 110 cm x 84 cm.<\/p>\n","protected":false},"excerpt":{"rendered":"<p data-path-to-node=\"5\">&#8222;<b data-path-to-node=\"5\" data-index-in-node=\"1\">Blumen zwischen Felsen<\/b>\u201c ist ein Werk, in dem Materie und Farbe aufeinandertreffen, um das traditionelle Stillleben neu zu definieren. In diesem Acrylgem\u00e4lde nutzt <b data-path-to-node=\"5\" data-index-in-node=\"144\">Graciela Musteikis<\/b> entschlossene Pinselstriche und eine lebendige Palette, um die Kraft und Zartheit der Natur einzufangen und sie in eine lebendige und dauerhafte Pr\u00e4senz zu verwandeln. Ein Originalwerk, das jeder Privatsammlung Ausgewogenheit, Licht und zeitgen\u00f6ssische Eleganz verleiht.  <\/p>\n<p data-path-to-node=\"6\">Dieses Werk erg\u00e4nzt perfekt die botanische Serie der K\u00fcnstlerin und bildet zusammen mit anderen St\u00fccken ihrer Kollektion ein organisches und ausdrucksstarkes Ensemble.<\/p>\n","protected":false},"featured_media":102813,"template":"","meta":{"_acf_changed":false,"_et_pb_use_builder":"","_et_pb_old_content":"","_et_gb_content_width":"","inline_featured_image":false},"product_brand":[],"product_cat":[160],"product_tag":[161,137],"class_list":{"0":"post-102812","1":"product","2":"type-product","3":"status-publish","4":"has-post-thumbnail","6":"product_cat-uruguay-de","7":"product_tag-acryl","8":"product_tag-blumen","10":"first","11":"instock","12":"shipping-taxable","13":"product-type-simple"},"yoast_head":"<!-- This site is optimized with the Yoast SEO plugin v27.3 - https:\/\/yoast.com\/product\/yoast-seo-wordpress\/ -->\n<title>Blumen zwischen Felsen - Graciela Musteikis<\/title>\n<meta name=\"description\" content=\"Entdecken Sie \u201eBlumen zwischen Felsen\u201c, ein Originalgem\u00e4lde von Graciela Musteikis. Ein zeitgen\u00f6ssisches Werk, das den Kontrast zwischen Festigkeit und Natur erforscht.\" \/>\n<meta name=\"robots\" content=\"index, follow, max-snippet:-1, max-image-preview:large, max-video-preview:-1\" \/>\n<link rel=\"canonical\" href=\"https:\/\/www.gracielamusteikis.com\/de\/produkt\/blumen-zwischen-felsen\/\" \/>\n<meta property=\"og:locale\" content=\"de_DE\" \/>\n<meta property=\"og:type\" content=\"article\" \/>\n<meta property=\"og:title\" content=\"Blumen zwischen Felsen - Graciela Musteikis\" \/>\n<meta property=\"og:description\" content=\"Entdecken Sie \u201eBlumen zwischen Felsen\u201c, ein Originalgem\u00e4lde von Graciela Musteikis. Ein zeitgen\u00f6ssisches Werk, das den Kontrast zwischen Festigkeit und Natur erforscht.\" \/>\n<meta property=\"og:url\" content=\"https:\/\/www.gracielamusteikis.com\/de\/produkt\/blumen-zwischen-felsen\/\" \/>\n<meta property=\"og:site_name\" content=\"Graciela Musteikis\" \/>\n<meta property=\"og:image\" content=\"https:\/\/www.gracielamusteikis.com\/wp-content\/uploads\/2026\/03\/Flores-en-rocas_750x1000.jpg\" \/>\n\t<meta property=\"og:image:width\" content=\"750\" \/>\n\t<meta property=\"og:image:height\" content=\"1000\" \/>\n\t<meta property=\"og:image:type\" content=\"image\/jpeg\" \/>\n<meta name=\"twitter:card\" content=\"summary_large_image\" \/>\n<script type=\"application\/ld+json\" class=\"yoast-schema-graph\">{\"@context\":\"https:\\\/\\\/schema.org\",\"@graph\":[{\"@type\":\"WebPage\",\"@id\":\"https:\\\/\\\/www.gracielamusteikis.com\\\/de\\\/produkt\\\/blumen-zwischen-felsen\\\/\",\"url\":\"https:\\\/\\\/www.gracielamusteikis.com\\\/de\\\/produkt\\\/blumen-zwischen-felsen\\\/\",\"name\":\"Blumen zwischen Felsen - Graciela Musteikis\",\"isPartOf\":{\"@id\":\"https:\\\/\\\/www.gracielamusteikis.com\\\/de\\\/#website\"},\"primaryImageOfPage\":{\"@id\":\"https:\\\/\\\/www.gracielamusteikis.com\\\/de\\\/produkt\\\/blumen-zwischen-felsen\\\/#primaryimage\"},\"image\":{\"@id\":\"https:\\\/\\\/www.gracielamusteikis.com\\\/de\\\/produkt\\\/blumen-zwischen-felsen\\\/#primaryimage\"},\"thumbnailUrl\":\"https:\\\/\\\/www.gracielamusteikis.com\\\/wp-content\\\/uploads\\\/2026\\\/03\\\/Flores-en-rocas_750x1000.jpg\",\"datePublished\":\"2026-03-16T00:29:47+00:00\",\"description\":\"Entdecken Sie \u201eBlumen zwischen Felsen\u201c, ein Originalgem\u00e4lde von Graciela Musteikis. Ein zeitgen\u00f6ssisches Werk, das den Kontrast zwischen Festigkeit und Natur erforscht.\",\"breadcrumb\":{\"@id\":\"https:\\\/\\\/www.gracielamusteikis.com\\\/de\\\/produkt\\\/blumen-zwischen-felsen\\\/#breadcrumb\"},\"inLanguage\":\"de\",\"potentialAction\":[{\"@type\":\"ReadAction\",\"target\":[\"https:\\\/\\\/www.gracielamusteikis.com\\\/de\\\/produkt\\\/blumen-zwischen-felsen\\\/\"]}]},{\"@type\":\"ImageObject\",\"inLanguage\":\"de\",\"@id\":\"https:\\\/\\\/www.gracielamusteikis.com\\\/de\\\/produkt\\\/blumen-zwischen-felsen\\\/#primaryimage\",\"url\":\"https:\\\/\\\/www.gracielamusteikis.com\\\/wp-content\\\/uploads\\\/2026\\\/03\\\/Flores-en-rocas_750x1000.jpg\",\"contentUrl\":\"https:\\\/\\\/www.gracielamusteikis.com\\\/wp-content\\\/uploads\\\/2026\\\/03\\\/Flores-en-rocas_750x1000.jpg\",\"width\":750,\"height\":1000},{\"@type\":\"BreadcrumbList\",\"@id\":\"https:\\\/\\\/www.gracielamusteikis.com\\\/de\\\/produkt\\\/blumen-zwischen-felsen\\\/#breadcrumb\",\"itemListElement\":[{\"@type\":\"ListItem\",\"position\":1,\"name\":\"Portada\",\"item\":\"https:\\\/\\\/www.gracielamusteikis.com\\\/de\\\/\"},{\"@type\":\"ListItem\",\"position\":2,\"name\":\"Obras\",\"item\":\"https:\\\/\\\/www.gracielamusteikis.com\\\/shop\\\/\"},{\"@type\":\"ListItem\",\"position\":3,\"name\":\"Blumen zwischen Felsen\"}]},{\"@type\":\"WebSite\",\"@id\":\"https:\\\/\\\/www.gracielamusteikis.com\\\/de\\\/#website\",\"url\":\"https:\\\/\\\/www.gracielamusteikis.com\\\/de\\\/\",\"name\":\"Graciela Musteikis\",\"description\":\"Artista Pl\u00e1stica\",\"publisher\":{\"@id\":\"https:\\\/\\\/www.gracielamusteikis.com\\\/de\\\/#\\\/schema\\\/person\\\/79086971e57f7c73f5b13213d39279d6\"},\"potentialAction\":[{\"@type\":\"SearchAction\",\"target\":{\"@type\":\"EntryPoint\",\"urlTemplate\":\"https:\\\/\\\/www.gracielamusteikis.com\\\/de\\\/?s={search_term_string}\"},\"query-input\":{\"@type\":\"PropertyValueSpecification\",\"valueRequired\":true,\"valueName\":\"search_term_string\"}}],\"inLanguage\":\"de\"},{\"@type\":[\"Person\",\"Organization\"],\"@id\":\"https:\\\/\\\/www.gracielamusteikis.com\\\/de\\\/#\\\/schema\\\/person\\\/79086971e57f7c73f5b13213d39279d6\",\"name\":\"Graciela Musteikis\",\"image\":{\"@type\":\"ImageObject\",\"inLanguage\":\"de\",\"@id\":\"https:\\\/\\\/www.gracielamusteikis.com\\\/wp-content\\\/uploads\\\/2025\\\/01\\\/cropped-Logo_GM_blanco-y-negro_transp_80x80.png\",\"url\":\"https:\\\/\\\/www.gracielamusteikis.com\\\/wp-content\\\/uploads\\\/2025\\\/01\\\/cropped-Logo_GM_blanco-y-negro_transp_80x80.png\",\"contentUrl\":\"https:\\\/\\\/www.gracielamusteikis.com\\\/wp-content\\\/uploads\\\/2025\\\/01\\\/cropped-Logo_GM_blanco-y-negro_transp_80x80.png\",\"width\":512,\"height\":512,\"caption\":\"Graciela Musteikis\"},\"logo\":{\"@id\":\"https:\\\/\\\/www.gracielamusteikis.com\\\/wp-content\\\/uploads\\\/2025\\\/01\\\/cropped-Logo_GM_blanco-y-negro_transp_80x80.png\"},\"sameAs\":[\"https:\\\/\\\/www.instagram.com\\\/gold_graciela\\\/\"]}]}<\/script>\n<!-- \/ Yoast SEO plugin. -->","yoast_head_json":{"title":"Blumen zwischen Felsen - Graciela Musteikis","description":"Entdecken Sie \u201eBlumen zwischen Felsen\u201c, ein Originalgem\u00e4lde von Graciela Musteikis. Ein zeitgen\u00f6ssisches Werk, das den Kontrast zwischen Festigkeit und Natur erforscht.","robots":{"index":"index","follow":"follow","max-snippet":"max-snippet:-1","max-image-preview":"max-image-preview:large","max-video-preview":"max-video-preview:-1"},"canonical":"https:\/\/www.gracielamusteikis.com\/de\/produkt\/blumen-zwischen-felsen\/","og_locale":"de_DE","og_type":"article","og_title":"Blumen zwischen Felsen - Graciela Musteikis","og_description":"Entdecken Sie \u201eBlumen zwischen Felsen\u201c, ein Originalgem\u00e4lde von Graciela Musteikis. Ein zeitgen\u00f6ssisches Werk, das den Kontrast zwischen Festigkeit und Natur erforscht.","og_url":"https:\/\/www.gracielamusteikis.com\/de\/produkt\/blumen-zwischen-felsen\/","og_site_name":"Graciela Musteikis","og_image":[{"width":750,"height":1000,"url":"https:\/\/www.gracielamusteikis.com\/wp-content\/uploads\/2026\/03\/Flores-en-rocas_750x1000.jpg","type":"image\/jpeg"}],"twitter_card":"summary_large_image","schema":{"@context":"https:\/\/schema.org","@graph":[{"@type":"WebPage","@id":"https:\/\/www.gracielamusteikis.com\/de\/produkt\/blumen-zwischen-felsen\/","url":"https:\/\/www.gracielamusteikis.com\/de\/produkt\/blumen-zwischen-felsen\/","name":"Blumen zwischen Felsen - Graciela Musteikis","isPartOf":{"@id":"https:\/\/www.gracielamusteikis.com\/de\/#website"},"primaryImageOfPage":{"@id":"https:\/\/www.gracielamusteikis.com\/de\/produkt\/blumen-zwischen-felsen\/#primaryimage"},"image":{"@id":"https:\/\/www.gracielamusteikis.com\/de\/produkt\/blumen-zwischen-felsen\/#primaryimage"},"thumbnailUrl":"https:\/\/www.gracielamusteikis.com\/wp-content\/uploads\/2026\/03\/Flores-en-rocas_750x1000.jpg","datePublished":"2026-03-16T00:29:47+00:00","description":"Entdecken Sie \u201eBlumen zwischen Felsen\u201c, ein Originalgem\u00e4lde von Graciela Musteikis. Ein zeitgen\u00f6ssisches Werk, das den Kontrast zwischen Festigkeit und Natur erforscht.","breadcrumb":{"@id":"https:\/\/www.gracielamusteikis.com\/de\/produkt\/blumen-zwischen-felsen\/#breadcrumb"},"inLanguage":"de","potentialAction":[{"@type":"ReadAction","target":["https:\/\/www.gracielamusteikis.com\/de\/produkt\/blumen-zwischen-felsen\/"]}]},{"@type":"ImageObject","inLanguage":"de","@id":"https:\/\/www.gracielamusteikis.com\/de\/produkt\/blumen-zwischen-felsen\/#primaryimage","url":"https:\/\/www.gracielamusteikis.com\/wp-content\/uploads\/2026\/03\/Flores-en-rocas_750x1000.jpg","contentUrl":"https:\/\/www.gracielamusteikis.com\/wp-content\/uploads\/2026\/03\/Flores-en-rocas_750x1000.jpg","width":750,"height":1000},{"@type":"BreadcrumbList","@id":"https:\/\/www.gracielamusteikis.com\/de\/produkt\/blumen-zwischen-felsen\/#breadcrumb","itemListElement":[{"@type":"ListItem","position":1,"name":"Portada","item":"https:\/\/www.gracielamusteikis.com\/de\/"},{"@type":"ListItem","position":2,"name":"Obras","item":"https:\/\/www.gracielamusteikis.com\/shop\/"},{"@type":"ListItem","position":3,"name":"Blumen zwischen Felsen"}]},{"@type":"WebSite","@id":"https:\/\/www.gracielamusteikis.com\/de\/#website","url":"https:\/\/www.gracielamusteikis.com\/de\/","name":"Graciela Musteikis","description":"Artista Pl\u00e1stica","publisher":{"@id":"https:\/\/www.gracielamusteikis.com\/de\/#\/schema\/person\/79086971e57f7c73f5b13213d39279d6"},"potentialAction":[{"@type":"SearchAction","target":{"@type":"EntryPoint","urlTemplate":"https:\/\/www.gracielamusteikis.com\/de\/?s={search_term_string}"},"query-input":{"@type":"PropertyValueSpecification","valueRequired":true,"valueName":"search_term_string"}}],"inLanguage":"de"},{"@type":["Person","Organization"],"@id":"https:\/\/www.gracielamusteikis.com\/de\/#\/schema\/person\/79086971e57f7c73f5b13213d39279d6","name":"Graciela Musteikis","image":{"@type":"ImageObject","inLanguage":"de","@id":"https:\/\/www.gracielamusteikis.com\/wp-content\/uploads\/2025\/01\/cropped-Logo_GM_blanco-y-negro_transp_80x80.png","url":"https:\/\/www.gracielamusteikis.com\/wp-content\/uploads\/2025\/01\/cropped-Logo_GM_blanco-y-negro_transp_80x80.png","contentUrl":"https:\/\/www.gracielamusteikis.com\/wp-content\/uploads\/2025\/01\/cropped-Logo_GM_blanco-y-negro_transp_80x80.png","width":512,"height":512,"caption":"Graciela Musteikis"},"logo":{"@id":"https:\/\/www.gracielamusteikis.com\/wp-content\/uploads\/2025\/01\/cropped-Logo_GM_blanco-y-negro_transp_80x80.png"},"sameAs":["https:\/\/www.instagram.com\/gold_graciela\/"]}]}},"acf":[],"_links":{"self":[{"href":"https:\/\/www.gracielamusteikis.com\/de\/wp-json\/wp\/v2\/product\/102812","targetHints":{"allow":["GET"]}}],"collection":[{"href":"https:\/\/www.gracielamusteikis.com\/de\/wp-json\/wp\/v2\/product"}],"about":[{"href":"https:\/\/www.gracielamusteikis.com\/de\/wp-json\/wp\/v2\/types\/product"}],"wp:featuredmedia":[{"embeddable":true,"href":"https:\/\/www.gracielamusteikis.com\/de\/wp-json\/wp\/v2\/media\/102813"}],"wp:attachment":[{"href":"https:\/\/www.gracielamusteikis.com\/de\/wp-json\/wp\/v2\/media?parent=102812"}],"wp:term":[{"taxonomy":"product_brand","embeddable":true,"href":"https:\/\/www.gracielamusteikis.com\/de\/wp-json\/wp\/v2\/product_brand?post=102812"},{"taxonomy":"product_cat","embeddable":true,"href":"https:\/\/www.gracielamusteikis.com\/de\/wp-json\/wp\/v2\/product_cat?post=102812"},{"taxonomy":"product_tag","embeddable":true,"href":"https:\/\/www.gracielamusteikis.com\/de\/wp-json\/wp\/v2\/product_tag?post=102812"}],"curies":[{"name":"wp","href":"https:\/\/api.w.org\/{rel}","templated":true}]}}