{"id":102736,"date":"2026-03-05T19:43:20","date_gmt":"2026-03-05T22:43:20","guid":{"rendered":"https:\/\/www.gracielamusteikis.com\/product\/vases-with-flowers-2\/"},"modified":"2026-03-05T21:02:25","modified_gmt":"2026-03-06T00:02:25","slug":"vases-with-flowers-2","status":"publish","type":"product","link":"https:\/\/www.gracielamusteikis.com\/en\/product\/vases-with-flowers-2\/","title":{"rendered":"Vases with flowers"},"content":{"rendered":"<p><img loading=\"lazy\" decoding=\"async\" class=\"size-medium wp-image-102723 alignleft\" src=\"https:\/\/www.gracielamusteikis.com\/wp-content\/uploads\/2026\/03\/Florero-con-flores_640x800-1-300x240.jpg\" alt=\"Artwork Vases with flowers\" width=\"300\" height=\"240\"><\/p>\n<p>&nbsp;<\/p>\n<p>Painted in acrylic.<\/p>\n<p>Dimensions: 230 cm x 140 cm<\/p>\n<p>This work perfectly complements the artist&#8217;s botanical series, alongside pieces such as<a href=\"https:\/\/www.gracielamusteikis.com\/en\/product\/little-mushrooms\/\"> &#8216;Honguit<\/a>os&#8217;, creating an organic and expressive ensemble.<\/p>\n","protected":false},"excerpt":{"rendered":"<p><b data-path-to-node=\"7,0\" data-index-in-node=\"0\">&#8220;Florero con flores&#8221;<\/b> es una pieza donde la materia y el color se encuentran para redefinir el bodeg\u00f3n tradicional. En esta pintura en acr\u00edlico, <b data-path-to-node=\"7,0\" data-index-in-node=\"144\">Graciela Musteikis<\/b> utiliza trazos decididos y una paleta vibrante para capturar la frescura ef\u00edmera de la naturaleza, convirti\u00e9ndola en una presencia viva y permanente. Una obra original que aporta equilibrio, luz y una elegancia contempor\u00e1nea a cualquier colecci\u00f3n privada.  <\/p>\n","protected":false},"featured_media":102737,"template":"","meta":{"_acf_changed":false,"_et_pb_use_builder":"","_et_pb_old_content":"","_et_gb_content_width":"","inline_featured_image":false},"product_brand":[],"product_cat":[150],"product_tag":[151,102],"class_list":{"0":"post-102736","1":"product","2":"type-product","3":"status-publish","4":"has-post-thumbnail","6":"product_cat-uruguay-en","7":"product_tag-acrylic","8":"product_tag-flowers","10":"first","11":"instock","12":"shipping-taxable","13":"product-type-simple"},"yoast_head":"<!-- This site is optimized with the Yoast SEO plugin v27.3 - https:\/\/yoast.com\/product\/yoast-seo-wordpress\/ -->\n<title>Vases with flowers - Graciela Musteikis<\/title>\n<meta name=\"description\" content=\"Explore &quot;Vases with flowers&quot;, an original acrylic work by Graciela Musteikis. A contemporary piece that fills any space with color and life.\" \/>\n<meta name=\"robots\" content=\"index, follow, max-snippet:-1, max-image-preview:large, max-video-preview:-1\" \/>\n<link rel=\"canonical\" href=\"https:\/\/www.gracielamusteikis.com\/en\/product\/vases-with-flowers-2\/\" \/>\n<meta property=\"og:locale\" content=\"en_US\" \/>\n<meta property=\"og:type\" content=\"article\" \/>\n<meta property=\"og:title\" content=\"Vases with flowers - Graciela Musteikis\" \/>\n<meta property=\"og:description\" content=\"Explore &quot;Vases with flowers&quot;, an original acrylic work by Graciela Musteikis. A contemporary piece that fills any space with color and life.\" \/>\n<meta property=\"og:url\" content=\"https:\/\/www.gracielamusteikis.com\/en\/product\/vases-with-flowers-2\/\" \/>\n<meta property=\"og:site_name\" content=\"Graciela Musteikis\" \/>\n<meta property=\"article:modified_time\" content=\"2026-03-06T00:02:25+00:00\" \/>\n<meta property=\"og:image\" content=\"https:\/\/www.gracielamusteikis.com\/wp-content\/uploads\/2026\/03\/Florero-con-flores_750x1000.jpg\" \/>\n\t<meta property=\"og:image:width\" content=\"1000\" \/>\n\t<meta property=\"og:image:height\" content=\"750\" \/>\n\t<meta property=\"og:image:type\" content=\"image\/jpeg\" \/>\n<meta name=\"twitter:card\" content=\"summary_large_image\" \/>\n<script type=\"application\/ld+json\" class=\"yoast-schema-graph\">{\"@context\":\"https:\\\/\\\/schema.org\",\"@graph\":[{\"@type\":\"WebPage\",\"@id\":\"https:\\\/\\\/www.gracielamusteikis.com\\\/en\\\/product\\\/vases-with-flowers-2\\\/\",\"url\":\"https:\\\/\\\/www.gracielamusteikis.com\\\/en\\\/product\\\/vases-with-flowers-2\\\/\",\"name\":\"Vases with flowers - Graciela Musteikis\",\"isPartOf\":{\"@id\":\"https:\\\/\\\/www.gracielamusteikis.com\\\/en\\\/#website\"},\"primaryImageOfPage\":{\"@id\":\"https:\\\/\\\/www.gracielamusteikis.com\\\/en\\\/product\\\/vases-with-flowers-2\\\/#primaryimage\"},\"image\":{\"@id\":\"https:\\\/\\\/www.gracielamusteikis.com\\\/en\\\/product\\\/vases-with-flowers-2\\\/#primaryimage\"},\"thumbnailUrl\":\"https:\\\/\\\/www.gracielamusteikis.com\\\/wp-content\\\/uploads\\\/2026\\\/03\\\/Florero-con-flores_750x1000.jpg\",\"datePublished\":\"2026-03-05T22:43:20+00:00\",\"dateModified\":\"2026-03-06T00:02:25+00:00\",\"description\":\"Explore \\\"Vases with flowers\\\", an original acrylic work by Graciela Musteikis. A contemporary piece that fills any space with color and life.\",\"breadcrumb\":{\"@id\":\"https:\\\/\\\/www.gracielamusteikis.com\\\/en\\\/product\\\/vases-with-flowers-2\\\/#breadcrumb\"},\"inLanguage\":\"en-US\",\"potentialAction\":[{\"@type\":\"ReadAction\",\"target\":[\"https:\\\/\\\/www.gracielamusteikis.com\\\/en\\\/product\\\/vases-with-flowers-2\\\/\"]}]},{\"@type\":\"ImageObject\",\"inLanguage\":\"en-US\",\"@id\":\"https:\\\/\\\/www.gracielamusteikis.com\\\/en\\\/product\\\/vases-with-flowers-2\\\/#primaryimage\",\"url\":\"https:\\\/\\\/www.gracielamusteikis.com\\\/wp-content\\\/uploads\\\/2026\\\/03\\\/Florero-con-flores_750x1000.jpg\",\"contentUrl\":\"https:\\\/\\\/www.gracielamusteikis.com\\\/wp-content\\\/uploads\\\/2026\\\/03\\\/Florero-con-flores_750x1000.jpg\",\"width\":1000,\"height\":750,\"caption\":\"Obra Florero con flores\"},{\"@type\":\"BreadcrumbList\",\"@id\":\"https:\\\/\\\/www.gracielamusteikis.com\\\/en\\\/product\\\/vases-with-flowers-2\\\/#breadcrumb\",\"itemListElement\":[{\"@type\":\"ListItem\",\"position\":1,\"name\":\"Portada\",\"item\":\"https:\\\/\\\/www.gracielamusteikis.com\\\/en\\\/\"},{\"@type\":\"ListItem\",\"position\":2,\"name\":\"Obras\",\"item\":\"https:\\\/\\\/www.gracielamusteikis.com\\\/shop\\\/\"},{\"@type\":\"ListItem\",\"position\":3,\"name\":\"Vases with flowers\"}]},{\"@type\":\"WebSite\",\"@id\":\"https:\\\/\\\/www.gracielamusteikis.com\\\/en\\\/#website\",\"url\":\"https:\\\/\\\/www.gracielamusteikis.com\\\/en\\\/\",\"name\":\"Graciela Musteikis\",\"description\":\"Artista Pl\u00e1stica\",\"publisher\":{\"@id\":\"https:\\\/\\\/www.gracielamusteikis.com\\\/en\\\/#\\\/schema\\\/person\\\/79086971e57f7c73f5b13213d39279d6\"},\"potentialAction\":[{\"@type\":\"SearchAction\",\"target\":{\"@type\":\"EntryPoint\",\"urlTemplate\":\"https:\\\/\\\/www.gracielamusteikis.com\\\/en\\\/?s={search_term_string}\"},\"query-input\":{\"@type\":\"PropertyValueSpecification\",\"valueRequired\":true,\"valueName\":\"search_term_string\"}}],\"inLanguage\":\"en-US\"},{\"@type\":[\"Person\",\"Organization\"],\"@id\":\"https:\\\/\\\/www.gracielamusteikis.com\\\/en\\\/#\\\/schema\\\/person\\\/79086971e57f7c73f5b13213d39279d6\",\"name\":\"Graciela Musteikis\",\"image\":{\"@type\":\"ImageObject\",\"inLanguage\":\"en-US\",\"@id\":\"https:\\\/\\\/www.gracielamusteikis.com\\\/wp-content\\\/uploads\\\/2025\\\/01\\\/cropped-Logo_GM_blanco-y-negro_transp_80x80.png\",\"url\":\"https:\\\/\\\/www.gracielamusteikis.com\\\/wp-content\\\/uploads\\\/2025\\\/01\\\/cropped-Logo_GM_blanco-y-negro_transp_80x80.png\",\"contentUrl\":\"https:\\\/\\\/www.gracielamusteikis.com\\\/wp-content\\\/uploads\\\/2025\\\/01\\\/cropped-Logo_GM_blanco-y-negro_transp_80x80.png\",\"width\":512,\"height\":512,\"caption\":\"Graciela Musteikis\"},\"logo\":{\"@id\":\"https:\\\/\\\/www.gracielamusteikis.com\\\/wp-content\\\/uploads\\\/2025\\\/01\\\/cropped-Logo_GM_blanco-y-negro_transp_80x80.png\"},\"sameAs\":[\"https:\\\/\\\/www.instagram.com\\\/gold_graciela\\\/\"]}]}<\/script>\n<!-- \/ Yoast SEO plugin. -->","yoast_head_json":{"title":"Vases with flowers - Graciela Musteikis","description":"Explore \"Vases with flowers\", an original acrylic work by Graciela Musteikis. A contemporary piece that fills any space with color and life.","robots":{"index":"index","follow":"follow","max-snippet":"max-snippet:-1","max-image-preview":"max-image-preview:large","max-video-preview":"max-video-preview:-1"},"canonical":"https:\/\/www.gracielamusteikis.com\/en\/product\/vases-with-flowers-2\/","og_locale":"en_US","og_type":"article","og_title":"Vases with flowers - Graciela Musteikis","og_description":"Explore \"Vases with flowers\", an original acrylic work by Graciela Musteikis. A contemporary piece that fills any space with color and life.","og_url":"https:\/\/www.gracielamusteikis.com\/en\/product\/vases-with-flowers-2\/","og_site_name":"Graciela Musteikis","article_modified_time":"2026-03-06T00:02:25+00:00","og_image":[{"width":1000,"height":750,"url":"https:\/\/www.gracielamusteikis.com\/wp-content\/uploads\/2026\/03\/Florero-con-flores_750x1000.jpg","type":"image\/jpeg"}],"twitter_card":"summary_large_image","schema":{"@context":"https:\/\/schema.org","@graph":[{"@type":"WebPage","@id":"https:\/\/www.gracielamusteikis.com\/en\/product\/vases-with-flowers-2\/","url":"https:\/\/www.gracielamusteikis.com\/en\/product\/vases-with-flowers-2\/","name":"Vases with flowers - Graciela Musteikis","isPartOf":{"@id":"https:\/\/www.gracielamusteikis.com\/en\/#website"},"primaryImageOfPage":{"@id":"https:\/\/www.gracielamusteikis.com\/en\/product\/vases-with-flowers-2\/#primaryimage"},"image":{"@id":"https:\/\/www.gracielamusteikis.com\/en\/product\/vases-with-flowers-2\/#primaryimage"},"thumbnailUrl":"https:\/\/www.gracielamusteikis.com\/wp-content\/uploads\/2026\/03\/Florero-con-flores_750x1000.jpg","datePublished":"2026-03-05T22:43:20+00:00","dateModified":"2026-03-06T00:02:25+00:00","description":"Explore \"Vases with flowers\", an original acrylic work by Graciela Musteikis. A contemporary piece that fills any space with color and life.","breadcrumb":{"@id":"https:\/\/www.gracielamusteikis.com\/en\/product\/vases-with-flowers-2\/#breadcrumb"},"inLanguage":"en-US","potentialAction":[{"@type":"ReadAction","target":["https:\/\/www.gracielamusteikis.com\/en\/product\/vases-with-flowers-2\/"]}]},{"@type":"ImageObject","inLanguage":"en-US","@id":"https:\/\/www.gracielamusteikis.com\/en\/product\/vases-with-flowers-2\/#primaryimage","url":"https:\/\/www.gracielamusteikis.com\/wp-content\/uploads\/2026\/03\/Florero-con-flores_750x1000.jpg","contentUrl":"https:\/\/www.gracielamusteikis.com\/wp-content\/uploads\/2026\/03\/Florero-con-flores_750x1000.jpg","width":1000,"height":750,"caption":"Obra Florero con flores"},{"@type":"BreadcrumbList","@id":"https:\/\/www.gracielamusteikis.com\/en\/product\/vases-with-flowers-2\/#breadcrumb","itemListElement":[{"@type":"ListItem","position":1,"name":"Portada","item":"https:\/\/www.gracielamusteikis.com\/en\/"},{"@type":"ListItem","position":2,"name":"Obras","item":"https:\/\/www.gracielamusteikis.com\/shop\/"},{"@type":"ListItem","position":3,"name":"Vases with flowers"}]},{"@type":"WebSite","@id":"https:\/\/www.gracielamusteikis.com\/en\/#website","url":"https:\/\/www.gracielamusteikis.com\/en\/","name":"Graciela Musteikis","description":"Artista Pl\u00e1stica","publisher":{"@id":"https:\/\/www.gracielamusteikis.com\/en\/#\/schema\/person\/79086971e57f7c73f5b13213d39279d6"},"potentialAction":[{"@type":"SearchAction","target":{"@type":"EntryPoint","urlTemplate":"https:\/\/www.gracielamusteikis.com\/en\/?s={search_term_string}"},"query-input":{"@type":"PropertyValueSpecification","valueRequired":true,"valueName":"search_term_string"}}],"inLanguage":"en-US"},{"@type":["Person","Organization"],"@id":"https:\/\/www.gracielamusteikis.com\/en\/#\/schema\/person\/79086971e57f7c73f5b13213d39279d6","name":"Graciela Musteikis","image":{"@type":"ImageObject","inLanguage":"en-US","@id":"https:\/\/www.gracielamusteikis.com\/wp-content\/uploads\/2025\/01\/cropped-Logo_GM_blanco-y-negro_transp_80x80.png","url":"https:\/\/www.gracielamusteikis.com\/wp-content\/uploads\/2025\/01\/cropped-Logo_GM_blanco-y-negro_transp_80x80.png","contentUrl":"https:\/\/www.gracielamusteikis.com\/wp-content\/uploads\/2025\/01\/cropped-Logo_GM_blanco-y-negro_transp_80x80.png","width":512,"height":512,"caption":"Graciela Musteikis"},"logo":{"@id":"https:\/\/www.gracielamusteikis.com\/wp-content\/uploads\/2025\/01\/cropped-Logo_GM_blanco-y-negro_transp_80x80.png"},"sameAs":["https:\/\/www.instagram.com\/gold_graciela\/"]}]}},"acf":[],"_links":{"self":[{"href":"https:\/\/www.gracielamusteikis.com\/en\/wp-json\/wp\/v2\/product\/102736","targetHints":{"allow":["GET"]}}],"collection":[{"href":"https:\/\/www.gracielamusteikis.com\/en\/wp-json\/wp\/v2\/product"}],"about":[{"href":"https:\/\/www.gracielamusteikis.com\/en\/wp-json\/wp\/v2\/types\/product"}],"wp:featuredmedia":[{"embeddable":true,"href":"https:\/\/www.gracielamusteikis.com\/en\/wp-json\/wp\/v2\/media\/102737"}],"wp:attachment":[{"href":"https:\/\/www.gracielamusteikis.com\/en\/wp-json\/wp\/v2\/media?parent=102736"}],"wp:term":[{"taxonomy":"product_brand","embeddable":true,"href":"https:\/\/www.gracielamusteikis.com\/en\/wp-json\/wp\/v2\/product_brand?post=102736"},{"taxonomy":"product_cat","embeddable":true,"href":"https:\/\/www.gracielamusteikis.com\/en\/wp-json\/wp\/v2\/product_cat?post=102736"},{"taxonomy":"product_tag","embeddable":true,"href":"https:\/\/www.gracielamusteikis.com\/en\/wp-json\/wp\/v2\/product_tag?post=102736"}],"curies":[{"name":"wp","href":"https:\/\/api.w.org\/{rel}","templated":true}]}}