{"id":102197,"date":"2025-01-01T12:00:01","date_gmt":"2025-01-01T15:00:01","guid":{"rendered":"https:\/\/www.gracielamusteikis.com\/inizio\/"},"modified":"2025-08-26T15:31:33","modified_gmt":"2025-08-26T18:31:33","slug":"inizio","status":"publish","type":"page","link":"https:\/\/www.gracielamusteikis.com\/it\/","title":{"rendered":"Inizio"},"content":{"rendered":"<p>[et_pb_section fb_built=&#8221;1&#8243; custom_padding_last_edited=&#8221;on|phone&#8221; admin_label=&#8221;Secci\u00f3n Presentaci\u00f3n&#8221; _builder_version=&#8221;4.27.4&#8243; _module_preset=&#8221;default&#8221; background_enable_image=&#8221;off&#8221; custom_padding=&#8221;45px|45px|45px|0px|false|false&#8221; custom_padding_tablet=&#8221;45px|45px|45px|45px|false|false&#8221; custom_padding_phone=&#8221;110px|0px|45px|0px|false|false&#8221; global_colors_info=&#8221;{}&#8221;][et_pb_row column_structure=&#8221;3_5,2_5&#8243; use_custom_gutter=&#8221;on&#8221; gutter_width=&#8221;2&#8243; make_equal=&#8221;on&#8221; module_class=&#8221;rev-col-home&#8221; _builder_version=&#8221;4.27.4&#8243; _module_preset=&#8221;default&#8221; transform_translate_linked=&#8221;off&#8221; width=&#8221;100%&#8221; width_tablet=&#8221;100%&#8221; width_phone=&#8221;80%&#8221; width_last_edited=&#8221;on|phone&#8221; max_width=&#8221;2560px&#8221; custom_padding=&#8221;0px||0px||false|false&#8221; global_colors_info=&#8221;{}&#8221;][et_pb_column type=&#8221;3_5&#8243; module_class=&#8221;flexcenter&#8221; _builder_version=&#8221;4.27.4&#8243; _module_preset=&#8221;default&#8221; custom_padding=&#8221;|5%||5%|false|false&#8221; custom_padding_tablet=&#8221;|0%||0%|false|false&#8221; custom_padding_phone=&#8221;|0%||0%|false|false&#8221; custom_padding_last_edited=&#8221;on|phone&#8221; animation_style=&#8221;slide&#8221; animation_direction=&#8221;bottom&#8221; animation_intensity_slide=&#8221;10%&#8221; global_colors_info=&#8221;{}&#8221;][et_pb_divider _builder_version=&#8221;4.27.0&#8243; _module_preset=&#8221;93219f5f-8929-4965-8946-54869f77c13e&#8221; global_colors_info=&#8221;{}&#8221;][\/et_pb_divider][et_pb_text _builder_version=&#8221;4.27.4&#8243; _module_preset=&#8221;1be39b74-febe-4388-986b-b0adb91918a4&#8243; custom_margin=&#8221;||0px||false|false&#8221; header_font_size_tablet=&#8221;&#8221; header_font_size_phone=&#8221;45px&#8221; header_font_size_last_edited=&#8221;on|phone&#8221; global_colors_info=&#8221;{}&#8221;]<\/p>\n<h1>Benvenuti nel mio universo artistico<\/h1>\n<p>[\/et_pb_text][et_pb_divider _builder_version=&#8221;4.27.0&#8243; _module_preset=&#8221;93219f5f-8929-4965-8946-54869f77c13e&#8221; global_colors_info=&#8221;{}&#8221;][\/et_pb_divider][et_pb_text _builder_version=&#8221;4.27.4&#8243; _module_preset=&#8221;ecfe9377-8ea7-41de-bdfd-2d7b2656c35b&#8221; text_font=&#8221;||||||||&#8221; custom_margin=&#8221;-8px||60px||false|false&#8221; custom_padding=&#8221;0px||||false|false&#8221; global_colors_info=&#8221;{}&#8221;]<\/p>\n<p>Sono Graciela Mar\u00eda Musteikis, nata il 24 dicembre 1951. Di professione avvocato e specialista in marchi e brevetti, la mia vera vocazione \u00e8 sempre stata la pittura, un amore che coltivo fin dall&#8217;infanzia. <\/p>\n<p>Durante la mia adolescenza, dedicarmi all&#8217;arte si presentava come una sfida piena di incertezze. Per questo, ho scelto di seguire la via del diritto, cercando una stabilit\u00e0 professionale. Tuttavia, tre anni fa, spinta dalla riflessione che ha portato con s\u00e9 la pandemia e consapevole che la vita offre poche ultime opportunit\u00e0, ho deciso di abbracciare pienamente la mia passione per l&#8217;arte.  <\/p>\n<p>Nel mio percorso come artista, sono autodidatta. Ho integrato la mia formazione con corsi online e mi sono immersa in una ricerca instancabile di nuove forme di espressione, sperimentando con materiali che donano volume e singolarit\u00e0 alle mie opere. Ogni quadro \u00e8 una testimonianza dello sforzo, della dedizione e del profondo rispetto che nutro per questo percorso.  <\/p>\n<p>In questi primi anni di creazione mi sono dedicata a rafforzare la mia fiducia ed esplorare la mia voce artistica. Ora sento che \u00e8 arrivato il momento di condividere il mio lavoro con il mondo. L&#8217;anno scorso ho avuto l&#8217;onore di partecipare alla mostra organizzata da Magg&#8217;s Gallery e alla mostra virtuale del prestigioso Palazzo Pucci a Firenze, dove ho ricevuto una menzione che ha riaffermato il mio impegno nell&#8217;arte.  <\/p>\n<p>Le mie opere sono pi\u00f9 che semplici pezzi visivi: sono inviti a scoprire nuove prospettive, a esplorare la profondit\u00e0 della mente e del cuore, e a connettersi con ci\u00f2 che spesso risulta ineffabile. Ogni tratto, ogni texture e ogni combinazione di colori riflette una ricerca costante per trasmettere emozioni e pensieri che trascendono le parole. <\/p>\n<p>In questo spazio virtuale condivido le mie creazioni, le storie che le ispirano e i progetti che mi appassionano. Ti invito a esplorarlo, a immergerti nel mio mondo artistico e, se lo desideri, a portare con te una parte del mio lavoro. Spero che tu possa trovare in queste opere qualcosa che ti ispiri, ti commuova o ti connetta all&#8217;arte in un modo unico.  <\/p>\n<p>Grazie per aver visitato il mio sito e per far parte di questo viaggio creativo.<\/p>\n<p>[\/et_pb_text][\/et_pb_column][et_pb_column type=&#8221;2_5&#8243; module_class=&#8221;inline-modules&#8221; _builder_version=&#8221;4.27.4&#8243; _module_preset=&#8221;default&#8221; custom_padding=&#8221;||||false|false&#8221; custom_padding_tablet=&#8221;||45px||false|false&#8221; custom_padding_phone=&#8221;||22px||false|false&#8221; custom_padding_last_edited=&#8221;on|phone&#8221; animation_style=&#8221;slide&#8221; animation_direction=&#8221;left&#8221; animation_delay=&#8221;500ms&#8221; animation_intensity_slide=&#8221;5%&#8221; scroll_horizontal_motion=&#8221;0|50|50|100|0|0|4&#8243; motion_trigger_start=&#8221;bottom&#8221; border_color_right=&#8221;#FFFFFF&#8221; global_colors_info=&#8221;{}&#8221;][et_pb_image src=&#8221;https:\/\/www.gracielamusteikis.com\/wp-content\/uploads\/2025\/01\/graciela_99_626x900.jpg&#8221; title_text=&#8221;graciela_99_626x900&#8243; show_bottom_space=&#8221;off&#8221; align=&#8221;center&#8221; _builder_version=&#8221;4.27.4&#8243; _module_preset=&#8221;default&#8221; max_width=&#8221;100%&#8221; min_height=&#8221;80%&#8221; height_tablet=&#8221;&#8221; height_phone=&#8221;&#8221; height_last_edited=&#8221;on|phone&#8221; max_height_tablet=&#8221;&#8221; max_height_phone=&#8221;370px&#8221; max_height_last_edited=&#8221;on|phone&#8221; custom_margin=&#8221;||||false|false&#8221; custom_padding=&#8221;3rem||||false|false&#8221; animation_style=&#8221;slide&#8221; animation_direction=&#8221;left&#8221; animation_delay=&#8221;500ms&#8221; animation_intensity_slide=&#8221;10%&#8221; global_colors_info=&#8221;{}&#8221;][\/et_pb_image][\/et_pb_column][\/et_pb_row][\/et_pb_section][et_pb_section fb_built=&#8221;1&#8243; admin_label=&#8221;Secci\u00f3n banner&#8221; _builder_version=&#8221;4.27.4&#8243; _module_preset=&#8221;default&#8221; background_image=&#8221;https:\/\/www.gracielamusteikis.com\/wp-content\/uploads\/2025\/01\/collage_banner_1.806&#215;939.jpg&#8221; parallax=&#8221;on&#8221; height=&#8221;600px&#8221; height_tablet=&#8221;600px&#8221; height_phone=&#8221;300px&#8221; height_last_edited=&#8221;on|phone&#8221; custom_padding=&#8221;0px|||||&#8221; animation_style=&#8221;fade&#8221; global_colors_info=&#8221;{}&#8221;][\/et_pb_section][et_pb_section fb_built=&#8221;1&#8243; admin_label=&#8221;Secci\u00f3n Obras&#8221; _builder_version=&#8221;4.27.4&#8243; _module_preset=&#8221;default&#8221; background_enable_image=&#8221;off&#8221; background_size=&#8221;initial&#8221; background_position=&#8221;top_right&#8221; custom_padding=&#8221;||0px||false|false&#8221; global_colors_info=&#8221;{}&#8221;][et_pb_row use_custom_gutter=&#8221;on&#8221; gutter_width=&#8221;2&#8243; make_equal=&#8221;on&#8221; custom_padding_last_edited=&#8221;on|phone&#8221; admin_label=&#8221;Fila Opere&#8221; module_class=&#8221;banners-shop&#8221; _builder_version=&#8221;4.27.4&#8243; _module_preset=&#8221;default&#8221; width_tablet=&#8221;65%&#8221; width_phone=&#8221;80%&#8221; width_last_edited=&#8221;on|tablet&#8221; custom_margin=&#8221;||||false|false&#8221; custom_padding=&#8221;||100px||false|false&#8221; custom_padding_tablet=&#8221;||100px||false|false&#8221; custom_padding_phone=&#8221;||45px||false|false&#8221; animation_style=&#8221;fade&#8221; border_width_bottom=&#8221;1px&#8221; locked=&#8221;off&#8221; global_colors_info=&#8221;{}&#8221;][et_pb_column type=&#8221;4_4&#8243; _builder_version=&#8221;4.27.0&#8243; _module_preset=&#8221;default&#8221; scroll_vertical_motion_enable=&#8221;on&#8221; scroll_vertical_motion=&#8221;0|50|50|100|1|0|0&#8243; scroll_vertical_motion_tablet=&#8221;0|50|50|100|1|0|0&#8243; scroll_vertical_motion_phone=&#8221;0|50|50|100|0.5|0|0&#8243; scroll_vertical_motion_last_edited=&#8221;on|phone&#8221; global_colors_info=&#8221;{}&#8221;][et_pb_text admin_label=&#8221;Text&#8221; _builder_version=&#8221;4.27.4&#8243; _module_preset=&#8221;default&#8221; header_font_size=&#8221;38px&#8221; header_2_text_align=&#8221;center&#8221; custom_margin=&#8221;||||false|false&#8221; scroll_vertical_motion_enable=&#8221;on&#8221; scroll_vertical_motion=&#8221;0|31|31|100|4|0|-1&#8243; header_2_font_size_tablet=&#8221;&#8221; header_2_font_size_phone=&#8221;45px&#8221; header_2_font_size_last_edited=&#8221;on|phone&#8221; global_colors_info=&#8221;{}&#8221;]<\/p>\n<h2>OPERE<\/h2>\n<p>[\/et_pb_text][et_pb_shop type=&#8221;latest&#8221; posts_number=&#8221;6&#8243; columns_number=&#8221;3&#8243; _builder_version=&#8221;4.27.4&#8243; _module_preset=&#8221;default&#8221; global_colors_info=&#8221;{}&#8221;][\/et_pb_shop][et_pb_button button_url=&#8221;@ET-DC@eyJkeW5hbWljIjp0cnVlLCJjb250ZW50IjoicG9zdF9saW5rX3VybF9wYWdlIiwic2V0dGluZ3MiOnsicG9zdF9pZCI6IjE1IiwiZW5hYmxlX2h0bWwiOiJvZmYifX0=@&#8221; button_text=&#8221;TUTTE LE OPERE&#8221; button_alignment=&#8221;center&#8221; admin_label=&#8221;Bot\u00f3n Todas las obras&#8221; _builder_version=&#8221;4.27.4&#8243; _dynamic_attributes=&#8221;button_url&#8221; _module_preset=&#8221;default&#8221; custom_button=&#8221;on&#8221; button_text_size=&#8221;22px&#8221; button_text_color=&#8221;#FFFFFF&#8221; button_bg_color=&#8221;#000000&#8243; button_border_radius=&#8221;0px&#8221; button_letter_spacing=&#8221;1px&#8221; button_font=&#8221;Barlow Condensed|||on|||||&#8221; animation_style=&#8221;slide&#8221; animation_direction=&#8221;bottom&#8221; locked=&#8221;off&#8221; global_colors_info=&#8221;{}&#8221; button_text_color__hover=&#8221;#000000&#8243; button_text_color__hover_enabled=&#8221;on|hover&#8221; button_bg_color__hover=&#8221;#ffe500&#8243; button_bg_color__hover_enabled=&#8221;on|hover&#8221;][\/et_pb_button][\/et_pb_column][\/et_pb_row][\/et_pb_section][et_pb_section fb_built=&#8221;1&#8243; custom_padding_last_edited=&#8221;on|phone&#8221; admin_label=&#8221;Secci\u00f3n Eventos&#8221; _builder_version=&#8221;4.27.4&#8243; _module_preset=&#8221;default&#8221; custom_padding=&#8221;60px||||false|false&#8221; custom_padding_tablet=&#8221;60px||||false|false&#8221; custom_padding_phone=&#8221;20px||22px||false|false&#8221; global_colors_info=&#8221;{}&#8221;][et_pb_row _builder_version=&#8221;4.27.4&#8243; _module_preset=&#8221;default&#8221; width_tablet=&#8221;65%&#8221; width_phone=&#8221;80%&#8221; width_last_edited=&#8221;on|tablet&#8221; animation_style=&#8221;fade&#8221; global_colors_info=&#8221;{}&#8221;][et_pb_column type=&#8221;4_4&#8243; _builder_version=&#8221;4.27.4&#8243; _module_preset=&#8221;default&#8221; global_colors_info=&#8221;{}&#8221;][et_pb_text _builder_version=&#8221;4.27.4&#8243; _module_preset=&#8221;default&#8221; header_font_size=&#8221;38px&#8221; header_2_text_align=&#8221;center&#8221; custom_margin=&#8221;||||false|false&#8221; scroll_vertical_motion_enable=&#8221;on&#8221; scroll_vertical_motion=&#8221;0|31|31|100|4|0|-1&#8243; hover_enabled=&#8221;0&#8243; header_2_font_size_tablet=&#8221;&#8221; header_2_font_size_phone=&#8221;45px&#8221; header_2_font_size_last_edited=&#8221;on|phone&#8221; global_colors_info=&#8221;{}&#8221; sticky_enabled=&#8221;0&#8243;]<\/p>\n<h2>UNIVERSO MUSTEIKIS<\/h2>\n<p>[\/et_pb_text][et_pb_post_slider posts_number=&#8221;3&#8243; include_categories=&#8221;all&#8221; more_text=&#8221;Vedi altro&#8221; excerpt_length=&#8221;70&#8243; show_meta=&#8221;off&#8221; admin_label=&#8221;Post Slider&#8221; _builder_version=&#8221;4.27.4&#8243; _module_preset=&#8221;default&#8221; global_colors_info=&#8221;{}&#8221;][\/et_pb_post_slider][et_pb_button button_url=&#8221;@ET-DC@eyJkeW5hbWljIjp0cnVlLCJjb250ZW50IjoicG9zdF9saW5rX3VybF9wYWdlIiwic2V0dGluZ3MiOnsicG9zdF9pZCI6Ijk2MDQxIiwiZW5hYmxlX2h0bWwiOiJvZmYifX0=@&#8221; button_text=&#8221;TUTTI GLI EVENTI&#8221; button_alignment=&#8221;center&#8221; button_alignment_tablet=&#8221;center&#8221; button_alignment_phone=&#8221;center&#8221; button_alignment_last_edited=&#8221;on|tablet&#8221; admin_label=&#8221;Bot\u00f3n Todos los eventos&#8221; _builder_version=&#8221;4.27.4&#8243; _dynamic_attributes=&#8221;button_url&#8221; _module_preset=&#8221;default&#8221; custom_button=&#8221;on&#8221; button_text_size=&#8221;22px&#8221; button_text_color=&#8221;#FFFFFF&#8221; button_bg_color=&#8221;#000000&#8243; button_border_radius=&#8221;0px&#8221; button_letter_spacing=&#8221;1px&#8221; button_font=&#8221;Barlow Condensed|||on|||||&#8221; position_origin_a=&#8221;center_center&#8221; custom_margin=&#8221;||||false|false&#8221; locked=&#8221;off&#8221; global_colors_info=&#8221;{}&#8221; button_text_color__hover=&#8221;#000000&#8243; button_text_color__hover_enabled=&#8221;on|hover&#8221; button_bg_color__hover=&#8221;#ffe500&#8243; button_bg_color__hover_enabled=&#8221;on|hover&#8221;][\/et_pb_button][\/et_pb_column][\/et_pb_row][\/et_pb_section][et_pb_section fb_built=&#8221;1&#8243; custom_padding_last_edited=&#8221;on|phone&#8221; admin_label=&#8221;Secci\u00f3n Proyectos&#8221; _builder_version=&#8221;4.27.4&#8243; _module_preset=&#8221;default&#8221; background_color=&#8221;#f9f9f9&#8243; custom_padding_tablet=&#8221;&#8221; custom_padding_phone=&#8221;||0px||false|false&#8221; animation_style=&#8221;fade&#8221; global_colors_info=&#8221;{}&#8221;][et_pb_row _builder_version=&#8221;4.17.4&#8243; _module_preset=&#8221;default&#8221; global_colors_info=&#8221;{}&#8221;][et_pb_column type=&#8221;4_4&#8243; _builder_version=&#8221;4.17.4&#8243; _module_preset=&#8221;default&#8221; global_colors_info=&#8221;{}&#8221;][et_pb_text _builder_version=&#8221;4.27.4&#8243; _module_preset=&#8221;default&#8221; header_font_size=&#8221;38px&#8221; header_2_text_align=&#8221;center&#8221; custom_margin=&#8221;||||false|false&#8221; scroll_vertical_motion_enable=&#8221;on&#8221; scroll_vertical_motion=&#8221;0|31|31|100|4|0|-1&#8243; header_2_font_size_tablet=&#8221;&#8221; header_2_font_size_phone=&#8221;45px&#8221; header_2_font_size_last_edited=&#8221;on|phone&#8221; global_colors_info=&#8221;{}&#8221;]<\/p>\n<h2>PROGETTI<\/h2>\n<p>[\/et_pb_text][diep_extended_portfolio fullwidth=&#8221;grid__2&#8243; grid_gap=&#8221;40&#8243; zoom=&#8221;on&#8221; posts_number=&#8221;4&#8243; include_categories=&#8221;53,52&#8243; project_order=&#8221;newest&#8221; title_categories_position=&#8221;middle&#8221; show_on_mouseover=&#8221;on&#8221; show_categories=&#8221;off&#8221; show_filters=&#8221;off&#8221; zoom_icon_color=&#8221;RGBA(255,255,255,0)&#8221; hover_overlay_color=&#8221;rgba(0,0,0,0.68)&#8221; hover_icon=&#8221;&#x50;||divi||400&#8243; module_id=&#8221;home-portfolio&#8221; _builder_version=&#8221;4.27.4&#8243; _module_preset=&#8221;default&#8221; filter_font=&#8221;Barlow Condensed||||||||&#8221; filter_text_color=&#8221;#000000&#8243; filter_font_size=&#8221;26px&#8221; title_text_align=&#8221;left&#8221; title_text_color=&#8221;#FFFFFF&#8221; title_font_size=&#8221;36px&#8221; caption_font=&#8221;|||on|||||&#8221; caption_text_align=&#8221;left&#8221; caption_text_color=&#8221;#ffe500&#8243; caption_font_size=&#8221;18px&#8221; caption_letter_spacing=&#8221;2px&#8221; background_enable_color=&#8221;off&#8221; custom_margin=&#8221;||||false|false&#8221; custom_padding=&#8221;||||false|false&#8221; scroll_vertical_motion_enable=&#8221;on&#8221; scroll_vertical_motion=&#8221;0|48|48|100|5|0|0&#8243; motion_trigger_start=&#8221;top&#8221; title_text_align_tablet=&#8221;left&#8221; title_text_align_phone=&#8221;center&#8221; title_text_align_last_edited=&#8221;on|phone&#8221; title_font_size_tablet=&#8221;22px&#8221; title_font_size_phone=&#8221;22px&#8221; title_font_size_last_edited=&#8221;on|phone&#8221; caption_font_size_tablet=&#8221;13px&#8221; caption_font_size_phone=&#8221;12px&#8221; caption_font_size_last_edited=&#8221;on|tablet&#8221; locked=&#8221;off&#8221; global_colors_info=&#8221;{}&#8221; show_categories_tablet=&#8221;off&#8221; show_categories_phone=&#8221;off&#8221; show_categories_last_edited=&#8221;on|tablet&#8221;][\/diep_extended_portfolio][et_pb_button button_url=&#8221;@ET-DC@eyJkeW5hbWljIjp0cnVlLCJjb250ZW50IjoicG9zdF9saW5rX3VybF9wYWdlIiwic2V0dGluZ3MiOnsicG9zdF9pZCI6IjkxNTg1IiwiZW5hYmxlX2h0bWwiOiJvZmYifX0=@&#8221; button_text=&#8221;TUTTI I PROGETTI&#8221; button_alignment=&#8221;center&#8221; _builder_version=&#8221;4.27.4&#8243; _dynamic_attributes=&#8221;button_url&#8221; _module_preset=&#8221;default&#8221; custom_button=&#8221;on&#8221; button_text_size=&#8221;22px&#8221; button_text_color=&#8221;#FFFFFF&#8221; button_bg_color=&#8221;#000000&#8243; button_border_radius=&#8221;0px&#8221; button_letter_spacing=&#8221;1px&#8221; button_font=&#8221;Barlow Condensed|||on|||||&#8221; animation_style=&#8221;slide&#8221; animation_direction=&#8221;bottom&#8221; locked=&#8221;off&#8221; global_colors_info=&#8221;{}&#8221; button_text_color__hover=&#8221;#000000&#8243; button_text_color__hover_enabled=&#8221;on|hover&#8221; button_bg_color__hover=&#8221;#ffe500&#8243; button_bg_color__hover_enabled=&#8221;on|hover&#8221;][\/et_pb_button][\/et_pb_column][\/et_pb_row][\/et_pb_section]<\/p>\n","protected":false},"excerpt":{"rendered":"<p>Benvenuti nel mio universo artisticoSono Graciela Mar\u00eda Musteikis, nata il 24 dicembre 1951. Di professione avvocato e specialista in marchi e brevetti, la mia vera vocazione \u00e8 sempre stata la pittura, un amore che coltivo fin dall&#8217;infanzia. Durante la mia adolescenza, dedicarmi all&#8217;arte si presentava come una sfida piena di incertezze. Per questo, ho scelto [&hellip;]<\/p>\n","protected":false},"author":1,"featured_media":0,"parent":0,"menu_order":1,"comment_status":"closed","ping_status":"closed","template":"","meta":{"_acf_changed":false,"_et_pb_use_builder":"on","_et_pb_old_content":"","_et_gb_content_width":"","inline_featured_image":false,"footnotes":""},"class_list":["post-102197","page","type-page","status-publish","hentry"],"yoast_head":"<!-- This site is optimized with the Yoast SEO plugin v27.3 - https:\/\/yoast.com\/product\/yoast-seo-wordpress\/ -->\n<title>Inizio - Graciela Musteikis<\/title>\n<meta name=\"robots\" content=\"index, follow, max-snippet:-1, max-image-preview:large, max-video-preview:-1\" \/>\n<link rel=\"canonical\" href=\"https:\/\/www.gracielamusteikis.com\/it\/\" \/>\n<meta property=\"og:locale\" content=\"it_IT\" \/>\n<meta property=\"og:type\" content=\"article\" \/>\n<meta property=\"og:title\" content=\"Inizio - Graciela Musteikis\" \/>\n<meta property=\"og:description\" content=\"Benvenuti nel mio universo artisticoSono Graciela Mar\u00eda Musteikis, nata il 24 dicembre 1951. Di professione avvocato e specialista in marchi e brevetti, la mia vera vocazione \u00e8 sempre stata la pittura, un amore che coltivo fin dall&#039;infanzia. Durante la mia adolescenza, dedicarmi all&#039;arte si presentava come una sfida piena di incertezze. Per questo, ho scelto [&hellip;]\" \/>\n<meta property=\"og:url\" content=\"https:\/\/www.gracielamusteikis.com\/it\/\" \/>\n<meta property=\"og:site_name\" content=\"Graciela Musteikis\" \/>\n<meta property=\"article:modified_time\" content=\"2025-08-26T18:31:33+00:00\" \/>\n<meta name=\"twitter:card\" content=\"summary_large_image\" \/>\n<meta name=\"twitter:label1\" content=\"Tempo di lettura stimato\" \/>\n\t<meta name=\"twitter:data1\" content=\"9 minuti\" \/>\n<script type=\"application\/ld+json\" class=\"yoast-schema-graph\">{\"@context\":\"https:\\\/\\\/schema.org\",\"@graph\":[{\"@type\":\"WebPage\",\"@id\":\"https:\\\/\\\/www.gracielamusteikis.com\\\/it\\\/\",\"url\":\"https:\\\/\\\/www.gracielamusteikis.com\\\/it\\\/\",\"name\":\"Inizio - Graciela Musteikis\",\"isPartOf\":{\"@id\":\"https:\\\/\\\/www.gracielamusteikis.com\\\/it\\\/#website\"},\"datePublished\":\"2025-01-01T15:00:01+00:00\",\"dateModified\":\"2025-08-26T18:31:33+00:00\",\"breadcrumb\":{\"@id\":\"https:\\\/\\\/www.gracielamusteikis.com\\\/it\\\/#breadcrumb\"},\"inLanguage\":\"it-IT\",\"potentialAction\":[{\"@type\":\"ReadAction\",\"target\":[\"https:\\\/\\\/www.gracielamusteikis.com\\\/it\\\/\"]}]},{\"@type\":\"BreadcrumbList\",\"@id\":\"https:\\\/\\\/www.gracielamusteikis.com\\\/it\\\/#breadcrumb\",\"itemListElement\":[{\"@type\":\"ListItem\",\"position\":1,\"name\":\"Portada\",\"item\":\"https:\\\/\\\/www.gracielamusteikis.com\\\/it\\\/\"},{\"@type\":\"ListItem\",\"position\":2,\"name\":\"Inizio\"}]},{\"@type\":\"WebSite\",\"@id\":\"https:\\\/\\\/www.gracielamusteikis.com\\\/it\\\/#website\",\"url\":\"https:\\\/\\\/www.gracielamusteikis.com\\\/it\\\/\",\"name\":\"Graciela Musteikis\",\"description\":\"Artista Pl\u00e1stica\",\"publisher\":{\"@id\":\"https:\\\/\\\/www.gracielamusteikis.com\\\/it\\\/#\\\/schema\\\/person\\\/79086971e57f7c73f5b13213d39279d6\"},\"potentialAction\":[{\"@type\":\"SearchAction\",\"target\":{\"@type\":\"EntryPoint\",\"urlTemplate\":\"https:\\\/\\\/www.gracielamusteikis.com\\\/it\\\/?s={search_term_string}\"},\"query-input\":{\"@type\":\"PropertyValueSpecification\",\"valueRequired\":true,\"valueName\":\"search_term_string\"}}],\"inLanguage\":\"it-IT\"},{\"@type\":[\"Person\",\"Organization\"],\"@id\":\"https:\\\/\\\/www.gracielamusteikis.com\\\/it\\\/#\\\/schema\\\/person\\\/79086971e57f7c73f5b13213d39279d6\",\"name\":\"Graciela Musteikis\",\"image\":{\"@type\":\"ImageObject\",\"inLanguage\":\"it-IT\",\"@id\":\"https:\\\/\\\/www.gracielamusteikis.com\\\/wp-content\\\/uploads\\\/2025\\\/01\\\/cropped-Logo_GM_blanco-y-negro_transp_80x80.png\",\"url\":\"https:\\\/\\\/www.gracielamusteikis.com\\\/wp-content\\\/uploads\\\/2025\\\/01\\\/cropped-Logo_GM_blanco-y-negro_transp_80x80.png\",\"contentUrl\":\"https:\\\/\\\/www.gracielamusteikis.com\\\/wp-content\\\/uploads\\\/2025\\\/01\\\/cropped-Logo_GM_blanco-y-negro_transp_80x80.png\",\"width\":512,\"height\":512,\"caption\":\"Graciela Musteikis\"},\"logo\":{\"@id\":\"https:\\\/\\\/www.gracielamusteikis.com\\\/wp-content\\\/uploads\\\/2025\\\/01\\\/cropped-Logo_GM_blanco-y-negro_transp_80x80.png\"},\"sameAs\":[\"https:\\\/\\\/www.instagram.com\\\/gold_graciela\\\/\"]}]}<\/script>\n<!-- \/ Yoast SEO plugin. -->","yoast_head_json":{"title":"Inizio - Graciela Musteikis","robots":{"index":"index","follow":"follow","max-snippet":"max-snippet:-1","max-image-preview":"max-image-preview:large","max-video-preview":"max-video-preview:-1"},"canonical":"https:\/\/www.gracielamusteikis.com\/it\/","og_locale":"it_IT","og_type":"article","og_title":"Inizio - Graciela Musteikis","og_description":"Benvenuti nel mio universo artisticoSono Graciela Mar\u00eda Musteikis, nata il 24 dicembre 1951. Di professione avvocato e specialista in marchi e brevetti, la mia vera vocazione \u00e8 sempre stata la pittura, un amore che coltivo fin dall'infanzia. Durante la mia adolescenza, dedicarmi all'arte si presentava come una sfida piena di incertezze. Per questo, ho scelto [&hellip;]","og_url":"https:\/\/www.gracielamusteikis.com\/it\/","og_site_name":"Graciela Musteikis","article_modified_time":"2025-08-26T18:31:33+00:00","twitter_card":"summary_large_image","twitter_misc":{"Tempo di lettura stimato":"9 minuti"},"schema":{"@context":"https:\/\/schema.org","@graph":[{"@type":"WebPage","@id":"https:\/\/www.gracielamusteikis.com\/it\/","url":"https:\/\/www.gracielamusteikis.com\/it\/","name":"Inizio - Graciela Musteikis","isPartOf":{"@id":"https:\/\/www.gracielamusteikis.com\/it\/#website"},"datePublished":"2025-01-01T15:00:01+00:00","dateModified":"2025-08-26T18:31:33+00:00","breadcrumb":{"@id":"https:\/\/www.gracielamusteikis.com\/it\/#breadcrumb"},"inLanguage":"it-IT","potentialAction":[{"@type":"ReadAction","target":["https:\/\/www.gracielamusteikis.com\/it\/"]}]},{"@type":"BreadcrumbList","@id":"https:\/\/www.gracielamusteikis.com\/it\/#breadcrumb","itemListElement":[{"@type":"ListItem","position":1,"name":"Portada","item":"https:\/\/www.gracielamusteikis.com\/it\/"},{"@type":"ListItem","position":2,"name":"Inizio"}]},{"@type":"WebSite","@id":"https:\/\/www.gracielamusteikis.com\/it\/#website","url":"https:\/\/www.gracielamusteikis.com\/it\/","name":"Graciela Musteikis","description":"Artista Pl\u00e1stica","publisher":{"@id":"https:\/\/www.gracielamusteikis.com\/it\/#\/schema\/person\/79086971e57f7c73f5b13213d39279d6"},"potentialAction":[{"@type":"SearchAction","target":{"@type":"EntryPoint","urlTemplate":"https:\/\/www.gracielamusteikis.com\/it\/?s={search_term_string}"},"query-input":{"@type":"PropertyValueSpecification","valueRequired":true,"valueName":"search_term_string"}}],"inLanguage":"it-IT"},{"@type":["Person","Organization"],"@id":"https:\/\/www.gracielamusteikis.com\/it\/#\/schema\/person\/79086971e57f7c73f5b13213d39279d6","name":"Graciela Musteikis","image":{"@type":"ImageObject","inLanguage":"it-IT","@id":"https:\/\/www.gracielamusteikis.com\/wp-content\/uploads\/2025\/01\/cropped-Logo_GM_blanco-y-negro_transp_80x80.png","url":"https:\/\/www.gracielamusteikis.com\/wp-content\/uploads\/2025\/01\/cropped-Logo_GM_blanco-y-negro_transp_80x80.png","contentUrl":"https:\/\/www.gracielamusteikis.com\/wp-content\/uploads\/2025\/01\/cropped-Logo_GM_blanco-y-negro_transp_80x80.png","width":512,"height":512,"caption":"Graciela Musteikis"},"logo":{"@id":"https:\/\/www.gracielamusteikis.com\/wp-content\/uploads\/2025\/01\/cropped-Logo_GM_blanco-y-negro_transp_80x80.png"},"sameAs":["https:\/\/www.instagram.com\/gold_graciela\/"]}]}},"acf":[],"_links":{"self":[{"href":"https:\/\/www.gracielamusteikis.com\/it\/wp-json\/wp\/v2\/pages\/102197","targetHints":{"allow":["GET"]}}],"collection":[{"href":"https:\/\/www.gracielamusteikis.com\/it\/wp-json\/wp\/v2\/pages"}],"about":[{"href":"https:\/\/www.gracielamusteikis.com\/it\/wp-json\/wp\/v2\/types\/page"}],"author":[{"embeddable":true,"href":"https:\/\/www.gracielamusteikis.com\/it\/wp-json\/wp\/v2\/users\/1"}],"replies":[{"embeddable":true,"href":"https:\/\/www.gracielamusteikis.com\/it\/wp-json\/wp\/v2\/comments?post=102197"}],"version-history":[{"count":2,"href":"https:\/\/www.gracielamusteikis.com\/it\/wp-json\/wp\/v2\/pages\/102197\/revisions"}],"predecessor-version":[{"id":102199,"href":"https:\/\/www.gracielamusteikis.com\/it\/wp-json\/wp\/v2\/pages\/102197\/revisions\/102199"}],"wp:attachment":[{"href":"https:\/\/www.gracielamusteikis.com\/it\/wp-json\/wp\/v2\/media?parent=102197"}],"curies":[{"name":"wp","href":"https:\/\/api.w.org\/{rel}","templated":true}]}}